{"id":673,"date":"2024-05-30T16:15:13","date_gmt":"2024-05-30T19:15:13","guid":{"rendered":"https:\/\/boasaude.rn.leg.br\/transparencia\/?page_id=673"},"modified":"2025-04-29T15:29:06","modified_gmt":"2025-04-29T18:29:06","slug":"tabela-de-diarias-e-passagens","status":"publish","type":"page","link":"https:\/\/boasaude.rn.leg.br\/transparencia\/tabela-de-diarias-e-passagens\/","title":{"rendered":"TABELA DE DI\u00c1RIAS E PASSAGENS"},"content":{"rendered":"<p>[et_pb_section fb_built=&#8221;1&#8243; disabled_on=&#8221;on|on|off&#8221; admin_label=&#8221;CABE\u00c7ALHO&#8221; _builder_version=&#8221;4.21.0&#8243; global_module=&#8221;76&#8243; saved_tabs=&#8221;all&#8221; collapsed=&#8221;on&#8221; global_colors_info=&#8221;{}&#8221;][et_pb_row column_structure=&#8221;1_3,1_3,1_3&#8243; admin_label=&#8221;row&#8221; _builder_version=&#8221;4.16&#8243; background_size=&#8221;initial&#8221; background_position=&#8221;top_left&#8221; background_repeat=&#8221;repeat&#8221; global_colors_info=&#8221;{}&#8221;][et_pb_column type=&#8221;1_3&#8243; _builder_version=&#8221;4.16&#8243; custom_padding=&#8221;|||&#8221; global_colors_info=&#8221;{}&#8221; custom_padding__hover=&#8221;|||&#8221;][et_pb_divider show_divider=&#8221;off&#8221; _builder_version=&#8221;4.21.0&#8243; _module_preset=&#8221;default&#8221; global_colors_info=&#8221;{}&#8221;][\/et_pb_divider][et_pb_image src=&#8221;https:\/\/boasaude.rn.leg.br\/transparencia\/wp-content\/uploads\/2024\/02\/PmuxJqGK_400x400-150&#215;150.jpg&#8221; title_text=&#8221;PmuxJqGK_400x400&#8243; _builder_version=&#8221;4.20.4&#8243; _module_preset=&#8221;default&#8221; global_colors_info=&#8221;{}&#8221;][\/et_pb_image][\/et_pb_column][et_pb_column type=&#8221;1_3&#8243; _builder_version=&#8221;4.16&#8243; custom_padding=&#8221;|||&#8221; global_colors_info=&#8221;{}&#8221; custom_padding__hover=&#8221;|||&#8221;][\/et_pb_column][et_pb_column type=&#8221;1_3&#8243; _builder_version=&#8221;4.16&#8243; custom_padding=&#8221;|||&#8221; global_colors_info=&#8221;{}&#8221; custom_padding__hover=&#8221;|||&#8221;][et_pb_divider show_divider=&#8221;off&#8221; _builder_version=&#8221;4.21.0&#8243; _module_preset=&#8221;default&#8221; global_colors_info=&#8221;{}&#8221;][\/et_pb_divider][et_pb_image title_text=&#8221;portal-transparencia-ico&#8221; _builder_version=&#8221;4.20.4&#8243; _module_preset=&#8221;default&#8221; global_colors_info=&#8221;{}&#8221;][\/et_pb_image][\/et_pb_column][\/et_pb_row][et_pb_row _builder_version=&#8221;4.21.0&#8243; _module_preset=&#8221;default&#8221; global_colors_info=&#8221;{}&#8221;][et_pb_column type=&#8221;4_4&#8243; _builder_version=&#8221;4.21.0&#8243; _module_preset=&#8221;default&#8221; global_colors_info=&#8221;{}&#8221;][et_pb_text _builder_version=&#8221;4.21.0&#8243; _module_preset=&#8221;default&#8221; global_colors_info=&#8221;{}&#8221;]<\/p>\n<p>Sabemos que a exig\u00eancia por transpar\u00eancia no brasil j\u00e1 se estende desde o ano 2000 com a cria\u00e7\u00e3o da\u00a0<strong>lei de Responsabilidade Fiscal<\/strong>\u00a0(<a role=\"link\" href=\"https:\/\/www.planalto.gov.br\/ccivil_03\/leis\/lcp\/lcp101.htm\" rel=\"noopener noreferrer\" data-saferedirecturl=\"https:\/\/www.google.com\/url?hl=pt-BR&amp;q=https:\/\/www.planalto.gov.br\/ccivil_03\/leis\/lcp\/lcp101.htm&amp;source=gmail&amp;ust=1478230407070000&amp;usg=AFQjCNE9pnGpq0FhmfIlJR_zkepmQ-uNrQ\" data-raofz=\"14\">Lei Complementar n\u00ba 101, de 04 de maio de 2000<\/a>), onde se tornou mais forte com a aprova\u00e7\u00e3o da\u00a0<strong>Lei da Transpar\u00eancia<\/strong>\u00a0(<a role=\"link\" href=\"http:\/\/www.planalto.gov.br\/ccivil_03\/leis\/LCP\/Lcp131.htm\" rel=\"noopener noreferrer\" data-saferedirecturl=\"https:\/\/www.google.com\/url?hl=pt-BR&amp;q=http:\/\/www.planalto.gov.br\/ccivil_03\/leis\/LCP\/Lcp131.htm&amp;source=gmail&amp;ust=1478230407070000&amp;usg=AFQjCNG8oBs3UoWwT6fsWhP05SJLyAmYtQ\" data-raofz=\"14\">Lei Complementar 131, de 27 de maio de 2009<\/a>). tendo seu refor\u00e7o com a\u00a0<strong>lei de Ficha Limpa<\/strong>\u00a0(<a role=\"link\" href=\"https:\/\/www.planalto.gov.br\/ccivil_03\/leis\/lcp\/lcp135.htm\" rel=\"noopener noreferrer\" data-saferedirecturl=\"https:\/\/www.google.com\/url?hl=pt-BR&amp;q=https:\/\/www.planalto.gov.br\/ccivil_03\/leis\/lcp\/lcp135.htm&amp;source=gmail&amp;ust=1478230407070000&amp;usg=AFQjCNGq_rOZpNpiY7XQhV12lu1pwYPu7w\" data-raofz=\"14\">Lei Complementar n\u00ba 135, de 04 de junho de 2010<\/a>) e efetivando a transpar\u00eancia de fato com a\u00a0<strong>Lei de Acesso a Informa\u00e7\u00e3o<\/strong>\u00a0(<a role=\"link\" href=\"https:\/\/www.planalto.gov.br\/ccivil_03\/_ato2011-2014\/2011\/lei\/l12527.htm\" rel=\"noopener noreferrer\" data-saferedirecturl=\"https:\/\/www.google.com\/url?hl=pt-BR&amp;q=https:\/\/www.planalto.gov.br\/ccivil_03\/_ato2011-2014\/2011\/lei\/l12527.htm&amp;source=gmail&amp;ust=1478230407070000&amp;usg=AFQjCNHVmJgKX3zynYJk9g9JIC2cBxUzjg\" data-raofz=\"14\">Lei n\u00ba 12.527, de 18 de novembro de 2011<\/a>).<\/p>\n<p>[\/et_pb_text][\/et_pb_column][\/et_pb_row][\/et_pb_section][et_pb_section fb_built=&#8221;1&#8243; disabled_on=&#8221;on|on|off&#8221; admin_label=&#8221;MENU&#8221; _builder_version=&#8221;4.21.0&#8243; _module_preset=&#8221;default&#8221; background_color=&#8221;#0C71C3&#8243; border_width_all=&#8221;10px&#8221; border_color_all=&#8221;RGBA(255,255,255,0)&#8221; box_shadow_style=&#8221;preset1&#8243; global_module=&#8221;75&#8243; saved_tabs=&#8221;all&#8221; collapsed=&#8221;on&#8221; global_colors_info=&#8221;{}&#8221;][et_pb_row _builder_version=&#8221;4.21.0&#8243; _module_preset=&#8221;default&#8221; background_color=&#8221;RGBA(255,255,255,0)&#8221; global_colors_info=&#8221;{}&#8221;][et_pb_column type=&#8221;4_4&#8243; _builder_version=&#8221;4.21.0&#8243; _module_preset=&#8221;default&#8221; global_colors_info=&#8221;{}&#8221;][et_pb_menu active_link_color=&#8221;#FFFFFF&#8221; _builder_version=&#8221;4.21.0&#8243; _module_preset=&#8221;default&#8221; menu_font=&#8221;|||on|||||&#8221; menu_text_color=&#8221;#FFFFFF&#8221; background_color=&#8221;RGBA(255,255,255,0)&#8221; global_colors_info=&#8221;{}&#8221;][\/et_pb_menu][\/et_pb_column][\/et_pb_row][\/et_pb_section][et_pb_section fb_built=&#8221;1&#8243; admin_label=&#8221;CORPO&#8221; _builder_version=&#8221;4.21.0&#8243; _module_preset=&#8221;default&#8221; collapsed=&#8221;off&#8221; global_colors_info=&#8221;{}&#8221;][et_pb_row _builder_version=&#8221;4.21.0&#8243; _module_preset=&#8221;default&#8221; border_width_all=&#8221;20px&#8221; border_color_all=&#8221;RGBA(255,255,255,0)&#8221; box_shadow_style=&#8221;preset1&#8243; global_colors_info=&#8221;{}&#8221;][et_pb_column type=&#8221;4_4&#8243; _builder_version=&#8221;4.21.0&#8243; _module_preset=&#8221;default&#8221; global_colors_info=&#8221;{}&#8221;][et_pb_text admin_label=&#8221;TRILHA DE NAVEGA\u00c7\u00c3O&#8221; _builder_version=&#8221;4.20.4&#8243; _module_preset=&#8221;default&#8221; global_colors_info=&#8221;{}&#8221;]<\/p>\n<p><a href=\"https:\/\/boasaude.rn.leg.br\/\">IN\u00cdCIO<\/a> \/ <a href=\"https:\/\/boasaude.rn.leg.br\/transparencia\/\">TRANSPAR\u00caNCIA<\/a> \/ TABELA DE DI\u00c1RIAS E PASSAGENS<\/p>\n<p>[\/et_pb_text][et_pb_post_title meta=&#8221;off&#8221; featured_image=&#8221;off&#8221; admin_label=&#8221;T\u00cdTULO&#8221; _builder_version=&#8221;4.21.0&#8243; _module_preset=&#8221;default&#8221; title_font=&#8221;|700||on|||||&#8221; title_text_color=&#8221;#000000&#8243; global_colors_info=&#8221;{}&#8221;][\/et_pb_post_title][et_pb_divider admin_label=&#8221;Divisor&#8221; _builder_version=&#8221;4.21.0&#8243; _module_preset=&#8221;default&#8221; global_colors_info=&#8221;{}&#8221;][\/et_pb_divider][et_pb_text admin_label=&#8221;INFORMA\u00c7\u00c3O&#8221; _builder_version=&#8221;4.20.4&#8243; _module_preset=&#8221;default&#8221; hover_enabled=&#8221;0&#8243; global_colors_info=&#8221;{}&#8221; sticky_enabled=&#8221;0&#8243;]<\/p>\n<div align=\"right\">|\u00a0<strong><a href=\"\/feed\" target=\"_blank\" rel=\"noopener\">XML\u2193<\/a><\/strong>\u00a0| <a href=\"https:\/\/lajes.rn.gov.br\/transparente\/index\/wp-content\/uploads\/2025\/04\/export.csv\" target=\"_blank\" rel=\"noopener\">\u00a0<strong>CSV\u2193<\/strong><\/a>\u00a0| <a href=\"?print=pdf\" target=\"_blank\" rel=\"noopener\"><strong>PDF<\/strong>\u2193<\/a>\u00a0\u00a0| <a href=\"?print=print\" target=\"_blank\" rel=\"noopener\"><strong>IMPRIMIR<\/strong>\u2193<\/a>\u00a0\u00a0|<\/div>\n<p>&nbsp;<br \/>\n\n<table id=\"tablepress-1\" class=\"tablepress tablepress-id-1\">\n<thead>\n<tr class=\"row-1\">\n\t<th class=\"column-1\">NOME<\/th><th class=\"column-2\">TIPO<\/th><th class=\"column-3\">QUANTIDADE<\/th><th class=\"column-4\">DATA<\/th><th class=\"column-5\">VALOR<\/th><th class=\"column-6\">CARGO<\/th><th class=\"column-7\">DESTINO<\/th><th class=\"column-8\">MOTIVO<\/th>\n<\/tr>\n<\/thead>\n<tbody class=\"row-striping row-hover\">\n<tr class=\"row-2\">\n\t<td class=\"column-1\"><\/td><td class=\"column-2\"><\/td><td class=\"column-3\"><\/td><td class=\"column-4\"><\/td><td class=\"column-5\"><\/td><td class=\"column-6\"><\/td><td class=\"column-7\"><\/td><td class=\"column-8\"><\/td>\n<\/tr>\n<tr class=\"row-3\">\n\t<td class=\"column-1\"><a href=\"https:\/\/boasaude.rn.leg.br\/transparencia\/portaria-no-032-2025\/\">EVALDO DE OLIVEIRA GOMES<\/a><\/td><td class=\"column-2\">Di\u00e1ria<\/td><td class=\"column-3\">1\/2<br \/>\r\ndi\u00e1ria<\/td><td class=\"column-4\">02.04.2025<\/td><td class=\"column-5\">500,00<\/td><td class=\"column-6\">VEREADOR PRESIDENTE<\/td><td class=\"column-7\">Nova Cruz\/RN<\/td><td class=\"column-8\">Tratar de convenio junto a caixa economica federal na cidade de Nova Cruz\/RN.<\/td>\n<\/tr>\n<tr class=\"row-4\">\n\t<td class=\"column-1\"><a href=\"https:\/\/boasaude.rn.leg.br\/transparencia\/portaria-no-027-2025\/\" target=\"_blank\">EVALDO DE OLIVEIRA GOMES<\/a><\/td><td class=\"column-2\">Di\u00e1ria<\/td><td class=\"column-3\">1\/2<br \/>\r\ndi\u00e1ria<\/td><td class=\"column-4\">19.02.2025<\/td><td class=\"column-5\">250,00<\/td><td class=\"column-6\">VEREADOR PRESIDENTE<\/td><td class=\"column-7\">Natal\/RN<\/td><td class=\"column-8\">tratar de assuntos administrativos na UVERN.<\/td>\n<\/tr>\n<tr class=\"row-5\">\n\t<td class=\"column-1\"><a href=\"https:\/\/boasaude.rn.leg.br\/transparencia\/portaria-no-026-2025\/\" target=\"_blank\">MATHAUS HENRIQUE DE GOIS FERREIRA<\/a><\/td><td class=\"column-2\">Di\u00e1ria<\/td><td class=\"column-3\">1\/2<br \/>\r\ndi\u00e1ria<\/td><td class=\"column-4\">19.02.2025<\/td><td class=\"column-5\">250,00<\/td><td class=\"column-6\">Procurador<\/td><td class=\"column-7\">Natal\/RN<\/td><td class=\"column-8\">Acompanhamento do Vereador Presidente para tratar de assuntos administrativos na UVERN.<\/td>\n<\/tr>\n<tr class=\"row-6\">\n\t<td class=\"column-1\"><a href=\"https:\/\/boasaude.rn.leg.br\/transparencia\/portaria-no-015-2025\/\" target=\"_blank\">Sandriana Carlos da Silva Viana<\/a><\/td><td class=\"column-2\">Di\u00e1ria<\/td><td class=\"column-3\">1\/2<br \/>\ndi\u00e1ria<\/td><td class=\"column-4\">21.01.2025<\/td><td class=\"column-5\">250,00<\/td><td class=\"column-6\">Servidora<\/td><td class=\"column-7\">Natal\/RN<\/td><td class=\"column-8\">Para tratar de assuntos relacionados ao convenio  das Carteiras de identidade emitidas pela c\u00e2mara municipal.<\/td>\n<\/tr>\n<tr class=\"row-7\">\n\t<td class=\"column-1\"><a href=\"https:\/\/boasaude.rn.leg.br\/transparencia\/portaria-conjunta-no-006-2024-gp-dispoe-sobre-a-concessao-de-diarias-e-da-outras-providencias\/\" rel=\"noopener\" target=\"_blank\">Evaldo de Oliveira Gomes Brand\u00e3o<\/a><\/td><td class=\"column-2\">Di\u00e1ria<\/td><td class=\"column-3\">02 di\u00e1ria<\/td><td class=\"column-4\">09 e 10.05.2024<\/td><td class=\"column-5\">1.000,00<\/td><td class=\"column-6\">Vereador Presidente<\/td><td class=\"column-7\">Natal\/RN<\/td><td class=\"column-8\">Participar do 2\u00ba RN CIDADES, Local do evento: Centro de Conven\u00e7\u00f5es de Natal<\/td>\n<\/tr>\n<tr class=\"row-8\">\n\t<td class=\"column-1\"><a href=\"https:\/\/boasaude.rn.leg.br\/transparencia\/portaria-conjunta-no-005-2024-gp-dispoe-sobre-a-concessao-de-diarias-e-da-outras-providencias\/\" rel=\"noopener\" target=\"_blank\">Elionay de Oliveira Sales Gomes<\/a><\/td><td class=\"column-2\">Di\u00e1ria<\/td><td class=\"column-3\">1 e1\/2<br \/>\ndi\u00e1ria<\/td><td class=\"column-4\">17 e 18.04.2024<\/td><td class=\"column-5\">750,00<\/td><td class=\"column-6\">Controlador <\/td><td class=\"column-7\">Natal\/RN<\/td><td class=\"column-8\">Participar do ENCONTROS REGIONAIS 2024 (POLO I -NATAL). Local: Centro de Opera\u00e7\u00f5es da<br \/>\nJusti\u00e7a Eleitoral - COJE (Audit\u00f3riao do TRE).<\/td>\n<\/tr>\n<tr class=\"row-9\">\n\t<td class=\"column-1\"><a href=\"https:\/\/boasaude.rn.leg.br\/transparencia\/portaria-conjunta-no-003-2024-gp-dispoe-sobre-a-concessao-de-diarias-e-da-outras-providencias\/\" rel=\"noopener\" target=\"_blank\">Evaldo de Oliveira Gomes Brand\u00e3o<\/a><\/td><td class=\"column-2\">Di\u00e1ria<\/td><td class=\"column-3\">1\/5 di\u00e1ria<\/td><td class=\"column-4\">03 de abril de 2024.<\/td><td class=\"column-5\">250,00<\/td><td class=\"column-6\">Vereador Presidente<\/td><td class=\"column-7\">Natal\/RN<\/td><td class=\"column-8\">Assembleia na FECAM para a transi\u00e7\u00e3o de cargo da presid\u00eancia.<\/td>\n<\/tr>\n<tr class=\"row-10\">\n\t<td class=\"column-1\"><a href=\"https:\/\/boasaude.rn.leg.br\/transparencia\/portaria-conjunta-no-0017-2023-dispoe-sobre-a-concessao-de-diarias-e-da-outras-providencias\/\" rel=\"noopener\" target=\"_blank\">EVALDO DE OLIVEIRA GOMES<\/a><\/td><td class=\"column-2\">Di\u00e1ria<\/td><td class=\"column-3\">03 di\u00e1rias<\/td><td class=\"column-4\">10 de mar\u00e7o de 2023.<\/td><td class=\"column-5\">R$ 900,00<\/td><td class=\"column-6\">Vereador Presidente.<\/td><td class=\"column-7\">Natal\/RN<\/td><td class=\"column-8\">Viagem para participar do Encontro Nacional de Gestores e Legislativo Municipais, realizado nos dias 14 a 17 de mar\u00e7o do corrente ano, na cidade de Natal\/RN.<\/td>\n<\/tr>\n<tr class=\"row-11\">\n\t<td class=\"column-1\"><a href=\"https:\/\/boasaude.rn.leg.br\/transparencia\/portaria-conjunta-no-001-2024-gp-conceder-as-diarias-abaixo-discriminada-s\/\" rel=\"noopener\" target=\"_blank\">Evaldo de Oliveira Gomes<\/a><\/td><td class=\"column-2\">Di\u00e1ria<\/td><td class=\"column-3\">1\/2<\/td><td class=\"column-4\">01-03-2024<\/td><td class=\"column-5\">R$ 250,00<\/td><td class=\"column-6\">Vereador Presidente.<\/td><td class=\"column-7\">Natal\/RN<\/td><td class=\"column-8\">Participar de Audi\u00eancia\/reuni\u00e3o convocada pela Diretoria FECAM-RN a ser realizada no audit\u00f3rio da<br \/>\nsede da FECAM<\/td>\n<\/tr>\n<tr class=\"row-12\">\n\t<td class=\"column-1\"><a href=\"https:\/\/boasaude.rn.leg.br\/transparencia\/portaria-conjunta-no-0016-2023-dispoe-sobre-a-concessao-de-diarias-e-da-outras-providencias\/\" rel=\"noopener\" target=\"_blank\">ELIONAY DE OLIVEIRA SALES GOMES<\/a><\/td><td class=\"column-2\">Di\u00e1ria<\/td><td class=\"column-3\">03 di\u00e1rias<\/td><td class=\"column-4\">10 de mar\u00e7o de 2023.<\/td><td class=\"column-5\">R$ 600,00<\/td><td class=\"column-6\">Controlador<\/td><td class=\"column-7\">Natal\/RN<\/td><td class=\"column-8\">Viagem para participar do Encontro Nacional de Gestores e Legislativo Municipais, realizado nos dias 14 a 17 de mar\u00e7o do corrente ano, na cidade de Natal\/RN.<\/td>\n<\/tr>\n<tr class=\"row-13\">\n\t<td class=\"column-1\"><\/td><td class=\"column-2\"><\/td><td class=\"column-3\"><\/td><td class=\"column-4\"><\/td><td class=\"column-5\"><\/td><td class=\"column-6\"><\/td><td class=\"column-7\"><\/td><td class=\"column-8\"><\/td>\n<\/tr>\n<\/tbody>\n<\/table>\n<!-- #tablepress-1 from cache --><\/p>\n<p>&nbsp;<\/p>\n<p>.[\/et_pb_text][\/et_pb_column][\/et_pb_row][\/et_pb_section]<\/p>\n","protected":false},"excerpt":{"rendered":"<p>Sabemos que a exig\u00eancia por transpar\u00eancia no brasil j\u00e1 se estende desde o ano 2000 com a cria\u00e7\u00e3o da\u00a0lei de Responsabilidade Fiscal\u00a0(Lei Complementar n\u00ba 101, de 04 de maio de 2000), onde se tornou mais forte com a aprova\u00e7\u00e3o da\u00a0Lei da Transpar\u00eancia\u00a0(Lei Complementar 131, de 27 de maio de 2009). tendo seu refor\u00e7o com a\u00a0lei [&hellip;]<\/p>\n","protected":false},"author":1,"featured_media":0,"parent":0,"menu_order":0,"comment_status":"closed","ping_status":"closed","template":"","meta":{"_et_pb_use_builder":"on","_et_pb_old_content":"","_et_gb_content_width":"","footnotes":""},"class_list":["post-673","page","type-page","status-publish","hentry"],"_links":{"self":[{"href":"https:\/\/boasaude.rn.leg.br\/transparencia\/wp-json\/wp\/v2\/pages\/673","targetHints":{"allow":["GET"]}}],"collection":[{"href":"https:\/\/boasaude.rn.leg.br\/transparencia\/wp-json\/wp\/v2\/pages"}],"about":[{"href":"https:\/\/boasaude.rn.leg.br\/transparencia\/wp-json\/wp\/v2\/types\/page"}],"author":[{"embeddable":true,"href":"https:\/\/boasaude.rn.leg.br\/transparencia\/wp-json\/wp\/v2\/users\/1"}],"replies":[{"embeddable":true,"href":"https:\/\/boasaude.rn.leg.br\/transparencia\/wp-json\/wp\/v2\/comments?post=673"}],"version-history":[{"count":3,"href":"https:\/\/boasaude.rn.leg.br\/transparencia\/wp-json\/wp\/v2\/pages\/673\/revisions"}],"predecessor-version":[{"id":2610,"href":"https:\/\/boasaude.rn.leg.br\/transparencia\/wp-json\/wp\/v2\/pages\/673\/revisions\/2610"}],"wp:attachment":[{"href":"https:\/\/boasaude.rn.leg.br\/transparencia\/wp-json\/wp\/v2\/media?parent=673"}],"curies":[{"name":"wp","href":"https:\/\/api.w.org\/{rel}","templated":true}]}}