{"id":415,"date":"2024-05-17T07:30:40","date_gmt":"2024-05-17T10:30:40","guid":{"rendered":"https:\/\/boasaude.rn.leg.br\/transparencia\/?page_id=415"},"modified":"2025-04-29T15:21:57","modified_gmt":"2025-04-29T18:21:57","slug":"perguntas-frequentes","status":"publish","type":"page","link":"https:\/\/boasaude.rn.leg.br\/transparencia\/perguntas-frequentes\/","title":{"rendered":"Perguntas Frequentes"},"content":{"rendered":"<p>[et_pb_section fb_built=&#8221;1&#8243; disabled_on=&#8221;on|on|off&#8221; admin_label=&#8221;CABE\u00c7ALHO&#8221; _builder_version=&#8221;4.21.0&#8243; global_module=&#8221;76&#8243; saved_tabs=&#8221;all&#8221; collapsed=&#8221;on&#8221; global_colors_info=&#8221;{}&#8221;][et_pb_row column_structure=&#8221;1_3,1_3,1_3&#8243; admin_label=&#8221;row&#8221; _builder_version=&#8221;4.16&#8243; background_size=&#8221;initial&#8221; background_position=&#8221;top_left&#8221; background_repeat=&#8221;repeat&#8221; global_colors_info=&#8221;{}&#8221;][et_pb_column type=&#8221;1_3&#8243; _builder_version=&#8221;4.16&#8243; custom_padding=&#8221;|||&#8221; global_colors_info=&#8221;{}&#8221; custom_padding__hover=&#8221;|||&#8221;][et_pb_divider show_divider=&#8221;off&#8221; _builder_version=&#8221;4.21.0&#8243; _module_preset=&#8221;default&#8221; global_colors_info=&#8221;{}&#8221;][\/et_pb_divider][et_pb_image src=&#8221;https:\/\/boasaude.rn.leg.br\/transparencia\/wp-content\/uploads\/2024\/02\/PmuxJqGK_400x400-150&#215;150.jpg&#8221; title_text=&#8221;PmuxJqGK_400x400&#8243; _builder_version=&#8221;4.20.4&#8243; _module_preset=&#8221;default&#8221; global_colors_info=&#8221;{}&#8221;][\/et_pb_image][\/et_pb_column][et_pb_column type=&#8221;1_3&#8243; _builder_version=&#8221;4.16&#8243; custom_padding=&#8221;|||&#8221; global_colors_info=&#8221;{}&#8221; custom_padding__hover=&#8221;|||&#8221;][\/et_pb_column][et_pb_column type=&#8221;1_3&#8243; _builder_version=&#8221;4.16&#8243; custom_padding=&#8221;|||&#8221; global_colors_info=&#8221;{}&#8221; custom_padding__hover=&#8221;|||&#8221;][et_pb_divider show_divider=&#8221;off&#8221; _builder_version=&#8221;4.21.0&#8243; _module_preset=&#8221;default&#8221; global_colors_info=&#8221;{}&#8221;][\/et_pb_divider][et_pb_image title_text=&#8221;portal-transparencia-ico&#8221; _builder_version=&#8221;4.20.4&#8243; _module_preset=&#8221;default&#8221; global_colors_info=&#8221;{}&#8221;][\/et_pb_image][\/et_pb_column][\/et_pb_row][et_pb_row _builder_version=&#8221;4.21.0&#8243; _module_preset=&#8221;default&#8221; global_colors_info=&#8221;{}&#8221;][et_pb_column type=&#8221;4_4&#8243; _builder_version=&#8221;4.21.0&#8243; _module_preset=&#8221;default&#8221; global_colors_info=&#8221;{}&#8221;][et_pb_text _builder_version=&#8221;4.21.0&#8243; _module_preset=&#8221;default&#8221; global_colors_info=&#8221;{}&#8221;]<\/p>\n<p>Sabemos que a exig\u00eancia por transpar\u00eancia no brasil j\u00e1 se estende desde o ano 2000 com a cria\u00e7\u00e3o da\u00a0<strong>lei de Responsabilidade Fiscal<\/strong>\u00a0(<a role=\"link\" href=\"https:\/\/www.planalto.gov.br\/ccivil_03\/leis\/lcp\/lcp101.htm\" rel=\"noopener noreferrer\" data-saferedirecturl=\"https:\/\/www.google.com\/url?hl=pt-BR&amp;q=https:\/\/www.planalto.gov.br\/ccivil_03\/leis\/lcp\/lcp101.htm&amp;source=gmail&amp;ust=1478230407070000&amp;usg=AFQjCNE9pnGpq0FhmfIlJR_zkepmQ-uNrQ\" data-raofz=\"14\">Lei Complementar n\u00ba 101, de 04 de maio de 2000<\/a>), onde se tornou mais forte com a aprova\u00e7\u00e3o da\u00a0<strong>Lei da Transpar\u00eancia<\/strong>\u00a0(<a role=\"link\" href=\"http:\/\/www.planalto.gov.br\/ccivil_03\/leis\/LCP\/Lcp131.htm\" rel=\"noopener noreferrer\" data-saferedirecturl=\"https:\/\/www.google.com\/url?hl=pt-BR&amp;q=http:\/\/www.planalto.gov.br\/ccivil_03\/leis\/LCP\/Lcp131.htm&amp;source=gmail&amp;ust=1478230407070000&amp;usg=AFQjCNG8oBs3UoWwT6fsWhP05SJLyAmYtQ\" data-raofz=\"14\">Lei Complementar 131, de 27 de maio de 2009<\/a>). tendo seu refor\u00e7o com a\u00a0<strong>lei de Ficha Limpa<\/strong>\u00a0(<a role=\"link\" href=\"https:\/\/www.planalto.gov.br\/ccivil_03\/leis\/lcp\/lcp135.htm\" rel=\"noopener noreferrer\" data-saferedirecturl=\"https:\/\/www.google.com\/url?hl=pt-BR&amp;q=https:\/\/www.planalto.gov.br\/ccivil_03\/leis\/lcp\/lcp135.htm&amp;source=gmail&amp;ust=1478230407070000&amp;usg=AFQjCNGq_rOZpNpiY7XQhV12lu1pwYPu7w\" data-raofz=\"14\">Lei Complementar n\u00ba 135, de 04 de junho de 2010<\/a>) e efetivando a transpar\u00eancia de fato com a\u00a0<strong>Lei de Acesso a Informa\u00e7\u00e3o<\/strong>\u00a0(<a role=\"link\" href=\"https:\/\/www.planalto.gov.br\/ccivil_03\/_ato2011-2014\/2011\/lei\/l12527.htm\" rel=\"noopener noreferrer\" data-saferedirecturl=\"https:\/\/www.google.com\/url?hl=pt-BR&amp;q=https:\/\/www.planalto.gov.br\/ccivil_03\/_ato2011-2014\/2011\/lei\/l12527.htm&amp;source=gmail&amp;ust=1478230407070000&amp;usg=AFQjCNHVmJgKX3zynYJk9g9JIC2cBxUzjg\" data-raofz=\"14\">Lei n\u00ba 12.527, de 18 de novembro de 2011<\/a>).<\/p>\n<p>[\/et_pb_text][\/et_pb_column][\/et_pb_row][\/et_pb_section][et_pb_section fb_built=&#8221;1&#8243; disabled_on=&#8221;on|on|off&#8221; admin_label=&#8221;MENU&#8221; _builder_version=&#8221;4.21.0&#8243; _module_preset=&#8221;default&#8221; background_color=&#8221;#0C71C3&#8243; border_width_all=&#8221;10px&#8221; border_color_all=&#8221;RGBA(255,255,255,0)&#8221; box_shadow_style=&#8221;preset1&#8243; global_module=&#8221;75&#8243; saved_tabs=&#8221;all&#8221; collapsed=&#8221;on&#8221; global_colors_info=&#8221;{}&#8221;][et_pb_row _builder_version=&#8221;4.21.0&#8243; _module_preset=&#8221;default&#8221; background_color=&#8221;RGBA(255,255,255,0)&#8221; global_colors_info=&#8221;{}&#8221;][et_pb_column type=&#8221;4_4&#8243; _builder_version=&#8221;4.21.0&#8243; _module_preset=&#8221;default&#8221; global_colors_info=&#8221;{}&#8221;][et_pb_menu active_link_color=&#8221;#FFFFFF&#8221; _builder_version=&#8221;4.21.0&#8243; _module_preset=&#8221;default&#8221; menu_font=&#8221;|||on|||||&#8221; menu_text_color=&#8221;#FFFFFF&#8221; background_color=&#8221;RGBA(255,255,255,0)&#8221; global_colors_info=&#8221;{}&#8221;][\/et_pb_menu][\/et_pb_column][\/et_pb_row][\/et_pb_section][et_pb_section fb_built=&#8221;1&#8243; admin_label=&#8221;CORPO&#8221; _builder_version=&#8221;4.21.0&#8243; _module_preset=&#8221;default&#8221; collapsed=&#8221;off&#8221; global_colors_info=&#8221;{}&#8221;][et_pb_row _builder_version=&#8221;4.21.0&#8243; _module_preset=&#8221;default&#8221; border_width_all=&#8221;20px&#8221; border_color_all=&#8221;RGBA(255,255,255,0)&#8221; box_shadow_style=&#8221;preset1&#8243; global_colors_info=&#8221;{}&#8221;][et_pb_column type=&#8221;4_4&#8243; _builder_version=&#8221;4.21.0&#8243; _module_preset=&#8221;default&#8221; global_colors_info=&#8221;{}&#8221;][et_pb_text admin_label=&#8221;TRILHA DE NAVEGA\u00c7\u00c3O&#8221; _builder_version=&#8221;4.20.4&#8243; _module_preset=&#8221;default&#8221; global_colors_info=&#8221;{}&#8221;]<\/p>\n<p><a href=\"https:\/\/boasaude.rn.leg.br\/\">IN\u00cdCIO<\/a> \/ <a href=\"https:\/\/boasaude.rn.leg.br\/transparencia\/\">TRANSPAR\u00caNCIA<\/a> \/ Perguntas Frequentes<\/p>\n<p>[\/et_pb_text][et_pb_post_title meta=&#8221;off&#8221; featured_image=&#8221;off&#8221; admin_label=&#8221;T\u00cdTULO&#8221; _builder_version=&#8221;4.21.0&#8243; _module_preset=&#8221;default&#8221; title_font=&#8221;|700||on|||||&#8221; title_text_color=&#8221;#000000&#8243; global_colors_info=&#8221;{}&#8221;][\/et_pb_post_title][et_pb_divider admin_label=&#8221;Divisor&#8221; _builder_version=&#8221;4.21.0&#8243; _module_preset=&#8221;default&#8221; global_colors_info=&#8221;{}&#8221;][\/et_pb_divider][et_pb_text admin_label=&#8221;INFORMA\u00c7\u00c3O&#8221; _builder_version=&#8221;4.20.4&#8243; _module_preset=&#8221;default&#8221; hover_enabled=&#8221;0&#8243; global_colors_info=&#8221;{}&#8221; sticky_enabled=&#8221;0&#8243;]<\/p>\n<div align=\"right\">|\u00a0<strong><a href=\"\/feed\" target=\"_blank\" rel=\"noopener\">XML\u2193<\/a><\/strong>\u00a0| <a href=\"https:\/\/lajes.rn.gov.br\/transparente\/index\/wp-content\/uploads\/2025\/04\/export.csv\" target=\"_blank\" rel=\"noopener\">\u00a0<strong>CSV\u2193<\/strong><\/a>\u00a0| <a href=\"?print=pdf\" target=\"_blank\" rel=\"noopener\"><strong>PDF<\/strong>\u2193<\/a>\u00a0\u00a0| <a href=\"?print=print\" target=\"_blank\" rel=\"noopener\"><strong>IMPRIMIR<\/strong>\u2193<\/a>\u00a0\u00a0|<\/div>\n<p>&nbsp;<br \/>\n<strong>\u200bPerguntas e Respostas<\/strong><\/p>\n<div class=\"entry-content\">\n<h5>1 \u2013 O que \u00e9 o Portal da Transpar\u00eancia?<\/h5>\n<p>O Portal da Transpar\u00eancia \u00e9 um site criado por Entidades P\u00fablicas que cont\u00e9m informa\u00e7\u00f5es acerca das a\u00e7\u00f5es governamentais, execu\u00e7\u00e3o or\u00e7ament\u00e1ria e financeira (receitas e despesas), movimento extraor\u00e7ament\u00e1rio, dentre outras informa\u00e7\u00f5es de interesse do cidad\u00e3o.<\/p>\n<h5>2 \u2013 Quem deve divulgar os dados nas p\u00e1ginas de transpar\u00eancia?<\/h5>\n<p>Todos os \u00f3rg\u00e3o e entidades da Administra\u00e7\u00e3o Direta e Indireta (Autarquias, Funda\u00e7\u00f5es, Empresas P\u00fablicas e Sociedades de Economia Mista) do Poder Executivo devem manter, em seus s\u00edtios na Internet, P\u00e1ginas de Transpar\u00eancia P\u00fablica, al\u00e9m do Poder Legislativo.<\/p>\n<h5>3 \u2013 Por que o Portal de Transpar\u00eancia foi criado?<\/h5>\n<p>Para atender a demanda de informa\u00e7\u00f5es sobre gest\u00e3o p\u00fablica, bem como cumprir as determina\u00e7\u00f5es constitucionais, visando \u00e0 transpar\u00eancia das contas p\u00fablicas e atendendo \u00e0 Lei Complementar n\u00b0 131, de 27 de maio de 2009, e o Decreto Federal n\u00b0 7185, de 27 de maio de 2010, al\u00e9m de promover o acesso amplo e objetivo aos dados da aplica\u00e7\u00e3o dos recursos p\u00fablicos municipais. Atrav\u00e9s dele, os cidad\u00e3os podem acompanhar a gest\u00e3o das finan\u00e7as da administra\u00e7\u00e3o direta e indireta. Assim, \u00e9 poss\u00edvel acompanhar a destina\u00e7\u00e3o dos recursos arrecadados, provenientes em grande parte dos impostos pagos pelos contribuintes.<\/p>\n<h5>4 \u2013 O que cidad\u00e3o pode consultar nesse Portal da Transpar\u00eancia?<\/h5>\n<p>A consulta d\u00e1 cumprimento ao disposto na Lei Complementar n.\u00ba 131, de 27 de maio de 2009, que trata da divulga\u00e7\u00e3o, em tempo real, de informa\u00e7\u00f5es pormenorizadas sobre a execu\u00e7\u00e3o or\u00e7ament\u00e1ria e financeira dos \u00f3rg\u00e3os p\u00fablicos. Por meio da pesquisa, \u00e9 poss\u00edvel, detalhar todos os documentos emitidos pelas unidades gestoras dos Poderes Executivo e Legislativo no decorrer da execu\u00e7\u00e3o das suas despesas, inclusive, pela fase em que a despesa est\u00e1: empenho, liquida\u00e7\u00e3o e pagamento.<\/p>\n<h5>5 \u2013 Quando as informa\u00e7\u00f5es s\u00e3o atualizadas?<\/h5>\n<p>A consulta Despesas detalhadas do Portal da Transpar\u00eancia apresenta dados atualizados diariamente. Os dados apresentados correspondem aos documentos emitidos no dia \u00fatil anterior.<\/p>\n<h5>6 \u2013 Qual a origem dos dados dessa consulta?<\/h5>\n<p>Os dados que alimentam a consulta s\u00e3o fornecidos pelo Servi\u00e7o de Contabilidade da Entidade P\u00fablica e extra\u00eddos dos Sistemas Informatizados de Administra\u00e7\u00e3o Financeira e Controle.<\/p>\n<h5>7 \u2013 Nesta consulta pode-se identificar quanto foi pago a determinado favorecido\/Credor? Como por exemplo, Servi\u00e7os Prestados?<\/h5>\n<p>Nesta consulta, na fase pagamento, s\u00e3o apresentados quanto foi pago a determinado favorecido\/Credor, podendo ser feita informando o CPF ou CNPJ do favorecido, dentre outros par\u00e2metros de busca.<\/p>\n<h5>8 \u2013 Quem pode acessar os dados do Portal da Transpar\u00eancia?<\/h5>\n<p>Todo cidad\u00e3o pode consultar os dados do Portal da Transpar\u00eancia. N\u00e3o h\u00e1 necessidade de senha ou autoriza\u00e7\u00e3o para acessar utilizar o sistema. O sistema tem acesso amplo e liberado, sem qualquer restri\u00e7\u00e3o para consulta.<\/p>\n<h5>9 \u2013 As informa\u00e7\u00f5es disponibilizadas recebem alguma forma de filtragem ou tratamento?<\/h5>\n<p>N\u00e3o. As informa\u00e7\u00f5es s\u00e3o disponibilizadas sem qualquer tratamento de dados. N\u00e3o \u00e9 feito qualquer controle de limita\u00e7\u00e3o ou restri\u00e7\u00e3o. S\u00e3o as mesmas informa\u00e7\u00f5es registradas na contabilidade da Entidade P\u00fablica.<\/p>\n<h5>10 \u2013 Como tirar d\u00favidas sobre termos, express\u00f5es e siglas do governo?<\/h5>\n<p>Consulte o gloss\u00e1rio para saber mais sobre todas as express\u00f5es, siglas e termos t\u00e9cnicos utilizados no Portal.<\/p>\n<h5>11 \u2013 Quais as informa\u00e7\u00f5es sobre receita que o Portal de Transpar\u00eancia disponibiliza em tempo real?<\/h5>\n<p>O Portal de Transpar\u00eancia disponibiliza a arrecada\u00e7\u00e3o da receita municipal em tempo real, por Unidade Gestora e sua classifica\u00e7\u00e3o or\u00e7ament\u00e1ria.<\/p>\n<h5>12 \u2013 O que \u00e9 a Lei de Acesso \u00e0 Informa\u00e7\u00e3o?<\/h5>\n<p>A lei 12527\/2011, a chamada Lei de Acesso \u00e0 Informa\u00e7\u00e3o, obriga \u00f3rg\u00e3os p\u00fablicos federais, estaduais e municipais (minist\u00e9rios, estatais, governos estaduais, prefeituras, C\u00e2maras Municipais, empresas p\u00fablicas, autarquias, RPPS etc.) a oferecer informa\u00e7\u00f5es relacionadas \u00e0s suas atividades a qualquer pessoa que solicitar os dados.<\/p>\n<h5>13 \u2013 Como a lei funcionar\u00e1 na pr\u00e1tica?<\/h5>\n<p>A lei determina que os \u00f3rg\u00e3os p\u00fablicos criem centros de atendimento dentro de cada \u00f3rg\u00e3o chamados de SICs (Servi\u00e7os de Informa\u00e7\u00e3o ao Cidad\u00e3o). Esses centros precisar\u00e3o ter estrutura para atender e orientar o p\u00fablico quanto ao acesso a informa\u00e7\u00f5es de interesse coletivo como, por exemplo, tramita\u00e7\u00e3o de documentos, processos de licita\u00e7\u00f5es e gastos p\u00fablicos.<\/p>\n<h5>14 \u2013 O que a lei exige dos \u00f3rg\u00e3os p\u00fablicos na internet?<\/h5>\n<p>A Lei de Acesso \u00e0 Informa\u00e7\u00e3o estabelece tamb\u00e9m que as entidades p\u00fablicas divulguem na internet, em linguagem clara e de f\u00e1cil acesso, dados sobre a administra\u00e7\u00e3o p\u00fablica.<\/p>\n<h5>15 \u2013 Quem poder\u00e1 solicitar informa\u00e7\u00f5es?<\/h5>\n<p>Qualquer pessoa natural ou jur\u00eddica pode pedir dados a respeito de qualquer \u00f3rg\u00e3o da administra\u00e7\u00e3o p\u00fablica.<\/p>\n<h5>16 \u2013 \u00c9 preciso dar raz\u00f5es para o pedido?<\/h5>\n<p>N\u00e3o \u00e9 preciso apresentar nenhum tipo de justificativa para a solicita\u00e7\u00e3o de informa\u00e7\u00f5es.<\/p>\n<h5>17 \u2013 Quais informa\u00e7\u00f5es poder\u00e3o ser solicitadas?<\/h5>\n<p>N\u00e3o h\u00e1 limites para as informa\u00e7\u00f5es a serem solicitadas. Podem ser requisitadas quaisquer informa\u00e7\u00f5es a respeito de dados relativos aos \u00f3rg\u00e3os p\u00fablicos. Ser\u00e1 poss\u00edvel, por exemplo, perguntar com obras p\u00fablicas, andamento de processos de licita\u00e7\u00e3o, contratos, detalhes sobre auditorias, fiscaliza\u00e7\u00f5es, presta\u00e7\u00f5es de contas, execu\u00e7\u00e3o or\u00e7ament\u00e1ria e financeira e outras.<\/p>\n<h5>18 \u2013 H\u00e1 informa\u00e7\u00f5es que n\u00e3o podem ser fornecidas?<\/h5>\n<p>N\u00e3o ser\u00e3o prestadas aos cidad\u00e3os informa\u00e7\u00f5es consideradas sigilosas, tais como assuntos secretos, assim como informa\u00e7\u00f5es pessoais dos agentes p\u00fablicos ou privados. Nesses casos, o \u00f3rg\u00e3o \u00e9 obrigado a justificar o motivo para n\u00e3o fornecer o dado.<\/p>\n<h5>19 \u2013 Por quais meios as informa\u00e7\u00f5es poder\u00e3o ser solicitadas?<\/h5>\n<p>As informa\u00e7\u00f5es poder\u00e3o ser solicitadas nos Servi\u00e7os de Informa\u00e7\u00f5es ao Cidad\u00e3o (SICs), que ser\u00e3o instalados em cada \u00f3rg\u00e3o p\u00fablico. A lei tamb\u00e9m determina que seja concedida ao cidad\u00e3o a op\u00e7\u00e3o de solicitar os dados pela internet. Podem ser usados, tamb\u00e9m, outros meios, tais como: como carta, e-mail e telefone, conforme disposto em ato administrativo do ente p\u00fablico.<\/p>\n<h5>20 \u2013 As informa\u00e7\u00f5es v\u00e3o ser prestadas sempre por meio de documentos impressos?<\/h5>\n<p>Depende de como o \u00f3rg\u00e3o tiver armazenado os dados. Nos casos de arquivos digitais, o cidad\u00e3o poder\u00e1 obter as informa\u00e7\u00f5es em um CD ou outra m\u00eddia digital. Se houver necessidade de impress\u00e3o de um volume elevado de pap\u00e9is, o cidad\u00e3o pagar\u00e1 o custo.<\/p>\n<h5>21 \u2013 Como tramita, dentro do \u00f3rg\u00e3o p\u00fablico, o pedido de informa\u00e7\u00e3o?<\/h5>\n<p>Se o \u00f3rg\u00e3o tiver a informa\u00e7\u00e3o ao alcance imediato, o pedido poder\u00e1 ser atendido no momento em que for feito pelo cidad\u00e3o, nos SICs. Se houver necessidade de pesquisa, o \u00f3rg\u00e3o tem 20 dias, prorrog\u00e1veis por mais 10, para atender \u00e0 demanda. O cidad\u00e3o ser\u00e1 avisado por telefone ou pela internet. Depois desse prazo, o agente p\u00fablico tem que justificar o motivo da n\u00e3o presta\u00e7\u00e3o das informa\u00e7\u00f5es.<\/p>\n<h5>22 \u2013 ONGs (Organiza\u00e7\u00f5es N\u00e3o-Governamentais) tamb\u00e9m est\u00e3o sujeitas \u00e0 lei?<\/h5>\n<p>As entidades privadas sem fins lucrativos que recebam recursos p\u00fablicos para a realiza\u00e7\u00e3o de a\u00e7\u00f5es de interesse p\u00fablico e que tenham parceria ou conv\u00eanios com o governo devem divulgar informa\u00e7\u00f5es sobre o dinheiro recebido e sua destina\u00e7\u00e3o.<\/p>\n<h5>23 \u2013 Qual a import\u00e2ncia da Lei de acesso \u00e0s informa\u00e7\u00f5es?<\/h5>\n<p>O objetivo da lei \u00e9 a mudan\u00e7a da cultura do sigilo, que existe em algumas institui\u00e7\u00f5es p\u00fablicas. A san\u00e7\u00e3o da lei pode ser compreendida como um ato de amadurecimento da democracia brasileira. A informa\u00e7\u00e3o sob a guarda do Estado \u00e9 sempre p\u00fablica, devendo o acesso a ela ser restringido apenas em casos espec\u00edficos. Isto significa que a informa\u00e7\u00e3o produzida, guardada, organizada e gerenciada pelo Estado em nome da sociedade \u00e9 um bem p\u00fablico. O acesso a estes dados, constitui-se em um dos fundamentos para a consolida\u00e7\u00e3o da democracia, fortalecendo o controle social.<\/p>\n<h5>24 \u2013 Qual a diferen\u00e7a de transpar\u00eancia ativa de transpar\u00eancia passiva?<\/h5>\n<p>No caso da transpar\u00eancia ativa, a divulga\u00e7\u00e3o das informa\u00e7\u00f5es ocorre por iniciativa dos \u00f3rg\u00e3os p\u00fablicos, independente de solicita\u00e7\u00e3o. A disponibiliza\u00e7\u00e3o de informa\u00e7\u00f5es na sua p\u00e1gina de internet ocorre de forma espont\u00e2nea. Na transpar\u00eancia passiva, h\u00e1 o atendimento somente quando a sociedade faz uma solicita\u00e7\u00e3o, mediante requisi\u00e7\u00e3o do interessado (pessoa natural ou jur\u00eddica).<\/p>\n<h5>25 \u2013 O que \u00e9 linguagem cidad\u00e3?<\/h5>\n<p>\u00c9 uma linguagem que o cidad\u00e3o comum, que n\u00e3o compreende a linguagem t\u00e9cnica sobre execu\u00e7\u00e3o or\u00e7ament\u00e1ria e financeira das Entidades P\u00fablicas, possa compreender o que est\u00e1 disponibilizado na internet. Por isso, com o tempo, o site de transpar\u00eancia ativa dever ser escrito em linguagem cada vez mais acess\u00edvel a todos.<\/p>\n<h5>26 \u2013 O que ocorre se o cidad\u00e3o solicitar uma informa\u00e7\u00e3o n\u00e3o existente?<\/h5>\n<p>A Entidade P\u00fablica n\u00e3o \u00e9 obrigada a produzir uma informa\u00e7\u00e3o inexistente, devendo apenas disponibilizar os dados que possui.<\/p>\n<\/div>\n<p>&nbsp;[\/et_pb_text][\/et_pb_column][\/et_pb_row][\/et_pb_section]<\/p>\n","protected":false},"excerpt":{"rendered":"<p>Sabemos que a exig\u00eancia por transpar\u00eancia no brasil j\u00e1 se estende desde o ano 2000 com a cria\u00e7\u00e3o da\u00a0lei de Responsabilidade Fiscal\u00a0(Lei Complementar n\u00ba 101, de 04 de maio de 2000), onde se tornou mais forte com a aprova\u00e7\u00e3o da\u00a0Lei da Transpar\u00eancia\u00a0(Lei Complementar 131, de 27 de maio de 2009). tendo seu refor\u00e7o com a\u00a0lei [&hellip;]<\/p>\n","protected":false},"author":1,"featured_media":0,"parent":0,"menu_order":0,"comment_status":"closed","ping_status":"closed","template":"","meta":{"_et_pb_use_builder":"on","_et_pb_old_content":"","_et_gb_content_width":"","footnotes":""},"class_list":["post-415","page","type-page","status-publish","hentry"],"_links":{"self":[{"href":"https:\/\/boasaude.rn.leg.br\/transparencia\/wp-json\/wp\/v2\/pages\/415","targetHints":{"allow":["GET"]}}],"collection":[{"href":"https:\/\/boasaude.rn.leg.br\/transparencia\/wp-json\/wp\/v2\/pages"}],"about":[{"href":"https:\/\/boasaude.rn.leg.br\/transparencia\/wp-json\/wp\/v2\/types\/page"}],"author":[{"embeddable":true,"href":"https:\/\/boasaude.rn.leg.br\/transparencia\/wp-json\/wp\/v2\/users\/1"}],"replies":[{"embeddable":true,"href":"https:\/\/boasaude.rn.leg.br\/transparencia\/wp-json\/wp\/v2\/comments?post=415"}],"version-history":[{"count":3,"href":"https:\/\/boasaude.rn.leg.br\/transparencia\/wp-json\/wp\/v2\/pages\/415\/revisions"}],"predecessor-version":[{"id":2556,"href":"https:\/\/boasaude.rn.leg.br\/transparencia\/wp-json\/wp\/v2\/pages\/415\/revisions\/2556"}],"wp:attachment":[{"href":"https:\/\/boasaude.rn.leg.br\/transparencia\/wp-json\/wp\/v2\/media?parent=415"}],"curies":[{"name":"wp","href":"https:\/\/api.w.org\/{rel}","templated":true}]}}