{"id":3039,"date":"2025-08-21T19:51:52","date_gmt":"2025-08-21T22:51:52","guid":{"rendered":"https:\/\/boasaude.rn.leg.br\/transparencia\/?page_id=3039"},"modified":"2025-12-17T12:44:26","modified_gmt":"2025-12-17T15:44:26","slug":"atas-das-sessoes-2o-periodo-2025","status":"publish","type":"page","link":"https:\/\/boasaude.rn.leg.br\/transparencia\/atas-das-sessoes-2o-periodo-2025\/","title":{"rendered":"Atas das Sess\u00f5es | 2\u00ba Per\u00edodo 2025"},"content":{"rendered":"<p>[et_pb_section fb_built=&#8221;1&#8243; disabled_on=&#8221;on|on|off&#8221; admin_label=&#8221;CABE\u00c7ALHO&#8221; _builder_version=&#8221;4.21.0&#8243; global_module=&#8221;76&#8243; saved_tabs=&#8221;all&#8221; collapsed=&#8221;on&#8221; global_colors_info=&#8221;{}&#8221;][et_pb_row column_structure=&#8221;1_3,1_3,1_3&#8243; admin_label=&#8221;row&#8221; _builder_version=&#8221;4.16&#8243; background_size=&#8221;initial&#8221; background_position=&#8221;top_left&#8221; background_repeat=&#8221;repeat&#8221; global_colors_info=&#8221;{}&#8221;][et_pb_column type=&#8221;1_3&#8243; _builder_version=&#8221;4.16&#8243; custom_padding=&#8221;|||&#8221; global_colors_info=&#8221;{}&#8221; custom_padding__hover=&#8221;|||&#8221;][et_pb_divider show_divider=&#8221;off&#8221; _builder_version=&#8221;4.21.0&#8243; _module_preset=&#8221;default&#8221; global_colors_info=&#8221;{}&#8221;][\/et_pb_divider][et_pb_image src=&#8221;https:\/\/boasaude.rn.leg.br\/transparencia\/wp-content\/uploads\/2024\/02\/PmuxJqGK_400x400-150&#215;150.jpg&#8221; title_text=&#8221;PmuxJqGK_400x400&#8243; _builder_version=&#8221;4.20.4&#8243; _module_preset=&#8221;default&#8221; global_colors_info=&#8221;{}&#8221;][\/et_pb_image][\/et_pb_column][et_pb_column type=&#8221;1_3&#8243; _builder_version=&#8221;4.16&#8243; custom_padding=&#8221;|||&#8221; global_colors_info=&#8221;{}&#8221; custom_padding__hover=&#8221;|||&#8221;][\/et_pb_column][et_pb_column type=&#8221;1_3&#8243; _builder_version=&#8221;4.16&#8243; custom_padding=&#8221;|||&#8221; global_colors_info=&#8221;{}&#8221; custom_padding__hover=&#8221;|||&#8221;][et_pb_divider show_divider=&#8221;off&#8221; _builder_version=&#8221;4.21.0&#8243; _module_preset=&#8221;default&#8221; global_colors_info=&#8221;{}&#8221;][\/et_pb_divider][et_pb_image title_text=&#8221;portal-transparencia-ico&#8221; _builder_version=&#8221;4.20.4&#8243; _module_preset=&#8221;default&#8221; global_colors_info=&#8221;{}&#8221;][\/et_pb_image][\/et_pb_column][\/et_pb_row][et_pb_row _builder_version=&#8221;4.21.0&#8243; _module_preset=&#8221;default&#8221; global_colors_info=&#8221;{}&#8221;][et_pb_column type=&#8221;4_4&#8243; _builder_version=&#8221;4.21.0&#8243; _module_preset=&#8221;default&#8221; global_colors_info=&#8221;{}&#8221;][et_pb_text _builder_version=&#8221;4.21.0&#8243; _module_preset=&#8221;default&#8221; global_colors_info=&#8221;{}&#8221;]<\/p>\n<p>Sabemos que a exig\u00eancia por transpar\u00eancia no brasil j\u00e1 se estende desde o ano 2000 com a cria\u00e7\u00e3o da\u00a0<strong>lei de Responsabilidade Fiscal<\/strong>\u00a0(<a role=\"link\" href=\"https:\/\/www.planalto.gov.br\/ccivil_03\/leis\/lcp\/lcp101.htm\" rel=\"noopener noreferrer\" data-saferedirecturl=\"https:\/\/www.google.com\/url?hl=pt-BR&amp;q=https:\/\/www.planalto.gov.br\/ccivil_03\/leis\/lcp\/lcp101.htm&amp;source=gmail&amp;ust=1478230407070000&amp;usg=AFQjCNE9pnGpq0FhmfIlJR_zkepmQ-uNrQ\" data-raofz=\"14\">Lei Complementar n\u00ba 101, de 04 de maio de 2000<\/a>), onde se tornou mais forte com a aprova\u00e7\u00e3o da\u00a0<strong>Lei da Transpar\u00eancia<\/strong>\u00a0(<a role=\"link\" href=\"http:\/\/www.planalto.gov.br\/ccivil_03\/leis\/LCP\/Lcp131.htm\" rel=\"noopener noreferrer\" data-saferedirecturl=\"https:\/\/www.google.com\/url?hl=pt-BR&amp;q=http:\/\/www.planalto.gov.br\/ccivil_03\/leis\/LCP\/Lcp131.htm&amp;source=gmail&amp;ust=1478230407070000&amp;usg=AFQjCNG8oBs3UoWwT6fsWhP05SJLyAmYtQ\" data-raofz=\"14\">Lei Complementar 131, de 27 de maio de 2009<\/a>). tendo seu refor\u00e7o com a\u00a0<strong>lei de Ficha Limpa<\/strong>\u00a0(<a role=\"link\" href=\"https:\/\/www.planalto.gov.br\/ccivil_03\/leis\/lcp\/lcp135.htm\" rel=\"noopener noreferrer\" data-saferedirecturl=\"https:\/\/www.google.com\/url?hl=pt-BR&amp;q=https:\/\/www.planalto.gov.br\/ccivil_03\/leis\/lcp\/lcp135.htm&amp;source=gmail&amp;ust=1478230407070000&amp;usg=AFQjCNGq_rOZpNpiY7XQhV12lu1pwYPu7w\" data-raofz=\"14\">Lei Complementar n\u00ba 135, de 04 de junho de 2010<\/a>) e efetivando a transpar\u00eancia de fato com a\u00a0<strong>Lei de Acesso a Informa\u00e7\u00e3o<\/strong>\u00a0(<a role=\"link\" href=\"https:\/\/www.planalto.gov.br\/ccivil_03\/_ato2011-2014\/2011\/lei\/l12527.htm\" rel=\"noopener noreferrer\" data-saferedirecturl=\"https:\/\/www.google.com\/url?hl=pt-BR&amp;q=https:\/\/www.planalto.gov.br\/ccivil_03\/_ato2011-2014\/2011\/lei\/l12527.htm&amp;source=gmail&amp;ust=1478230407070000&amp;usg=AFQjCNHVmJgKX3zynYJk9g9JIC2cBxUzjg\" data-raofz=\"14\">Lei n\u00ba 12.527, de 18 de novembro de 2011<\/a>).<\/p>\n<p>[\/et_pb_text][\/et_pb_column][\/et_pb_row][\/et_pb_section][et_pb_section fb_built=&#8221;1&#8243; disabled_on=&#8221;on|on|off&#8221; admin_label=&#8221;MENU&#8221; _builder_version=&#8221;4.21.0&#8243; _module_preset=&#8221;default&#8221; background_color=&#8221;#0C71C3&#8243; border_width_all=&#8221;10px&#8221; border_color_all=&#8221;RGBA(255,255,255,0)&#8221; box_shadow_style=&#8221;preset1&#8243; global_module=&#8221;75&#8243; saved_tabs=&#8221;all&#8221; collapsed=&#8221;on&#8221; global_colors_info=&#8221;{}&#8221;][et_pb_row _builder_version=&#8221;4.21.0&#8243; _module_preset=&#8221;default&#8221; background_color=&#8221;RGBA(255,255,255,0)&#8221; global_colors_info=&#8221;{}&#8221;][et_pb_column type=&#8221;4_4&#8243; _builder_version=&#8221;4.21.0&#8243; _module_preset=&#8221;default&#8221; global_colors_info=&#8221;{}&#8221;][et_pb_menu active_link_color=&#8221;#FFFFFF&#8221; _builder_version=&#8221;4.21.0&#8243; _module_preset=&#8221;default&#8221; menu_font=&#8221;|||on|||||&#8221; menu_text_color=&#8221;#FFFFFF&#8221; background_color=&#8221;RGBA(255,255,255,0)&#8221; global_colors_info=&#8221;{}&#8221;][\/et_pb_menu][\/et_pb_column][\/et_pb_row][\/et_pb_section][et_pb_section fb_built=&#8221;1&#8243; admin_label=&#8221;CORPO&#8221; _builder_version=&#8221;4.21.0&#8243; _module_preset=&#8221;default&#8221; collapsed=&#8221;off&#8221; global_colors_info=&#8221;{}&#8221;][et_pb_row _builder_version=&#8221;4.21.0&#8243; _module_preset=&#8221;default&#8221; border_width_all=&#8221;20px&#8221; border_color_all=&#8221;RGBA(255,255,255,0)&#8221; box_shadow_style=&#8221;preset1&#8243; global_colors_info=&#8221;{}&#8221;][et_pb_column type=&#8221;4_4&#8243; _builder_version=&#8221;4.21.0&#8243; _module_preset=&#8221;default&#8221; global_colors_info=&#8221;{}&#8221;][et_pb_text admin_label=&#8221;TRILHA DE NAVEGA\u00c7\u00c3O&#8221; _builder_version=&#8221;4.20.4&#8243; _module_preset=&#8221;default&#8221; global_colors_info=&#8221;{}&#8221;]<\/p>\n<p><a href=\"https:\/\/boasaude.rn.leg.br\/\">IN\u00cdCIO<\/a> \/ <a href=\"https:\/\/boasaude.rn.leg.br\/transparencia\/\">TRANSPAR\u00caNCIA<\/a> \/ Atas das Sess\u00f5es | 2\u00ba Per\u00edodo 2025<\/p>\n<p>[\/et_pb_text][et_pb_post_title meta=&#8221;off&#8221; featured_image=&#8221;off&#8221; admin_label=&#8221;T\u00cdTULO&#8221; _builder_version=&#8221;4.21.0&#8243; _module_preset=&#8221;default&#8221; title_font=&#8221;|700||on|||||&#8221; title_text_color=&#8221;#000000&#8243; global_colors_info=&#8221;{}&#8221;][\/et_pb_post_title][et_pb_divider admin_label=&#8221;Divisor&#8221; _builder_version=&#8221;4.21.0&#8243; _module_preset=&#8221;default&#8221; global_colors_info=&#8221;{}&#8221;][\/et_pb_divider][et_pb_text admin_label=&#8221;INFORMA\u00c7\u00c3O&#8221; _builder_version=&#8221;4.20.4&#8243; _module_preset=&#8221;default&#8221; hover_enabled=&#8221;0&#8243; global_colors_info=&#8221;{}&#8221; sticky_enabled=&#8221;0&#8243;]<\/p>\n\n<table id=\"tablepress-22\" class=\"tablepress tablepress-id-22\">\n<thead>\n<tr class=\"row-1\">\n\t<th class=\"column-1\">ATAS DAS SESS\u00d5ES<\/th><th class=\"column-2\">DESCRI\u00c7\u00c3O<\/th><th class=\"column-3\">PER\u00cdODO<\/th><th class=\"column-4\">DATA<\/th><th class=\"column-5\">BAIXAR ARQUIVO<\/th>\n<\/tr>\n<\/thead>\n<tbody class=\"row-striping row-hover\">\n<tr class=\"row-2\">\n\t<td class=\"column-1\">Ata da D\u00e9cima Segunda Sess\u00e3o Ordin\u00e1ria<\/td><td class=\"column-2\">Ata da D\u00e9cima Segunda Sess\u00e3o Ordin\u00e1ria, do Segundo Per\u00edodo, da Quarta Sess\u00e3o Legislativa, da D\u00e9cima S\u00e9tima Legislatura da C\u00e2mara Municipal de Boa Sa\u00fade\/RN. Realizada em dez de dezembro de dois mil e vinte e cinco.<\/td><td class=\"column-3\">2\u00ba Per\u00edodo<\/td><td class=\"column-4\">2025<\/td><td class=\"column-5\"><a href=\"https:\/\/boasaude.rn.leg.br\/transparencia\/wp-content\/uploads\/2025\/12\/12a-Ordinaria-10.12.2025.doc\">Baixar<\/a><\/td>\n<\/tr>\n<tr class=\"row-3\">\n\t<td class=\"column-1\">Ata da D\u00e9cima Primeira Sess\u00e3o Ordin\u00e1ria<\/td><td class=\"column-2\">Ata da D\u00e9cima Primeira Sess\u00e3o Ordin\u00e1ria, do Segundo Per\u00edodo, da Quarta Sess\u00e3o Legislativa, da D\u00e9cima S\u00e9tima Legislatura da C\u00e2mara Municipal de Boa Sa\u00fade\/RN. Realizada em vinte e seis de novembro de dois mil e vinte e cinco.<\/td><td class=\"column-3\">2\u00ba Per\u00edodo<\/td><td class=\"column-4\">2025<\/td><td class=\"column-5\"><a href=\"https:\/\/boasaude.rn.leg.br\/transparencia\/wp-content\/uploads\/2025\/12\/11a-Ordinaria-26.11.2025.doc\">Baixar<\/a><\/td>\n<\/tr>\n<tr class=\"row-4\">\n\t<td class=\"column-1\">Ata da D\u00e9cima Sess\u00e3o Ordin\u00e1ria<\/td><td class=\"column-2\">Ata da D\u00e9cima Sess\u00e3o Ordin\u00e1ria, do Segundo Per\u00edodo, da Quarta Sess\u00e3o Legislativa, da D\u00e9cima S\u00e9tima Legislatura da C\u00e2mara Municipal de Boa Sa\u00fade\/RN. Realizada em dezenove de novembro de dois mil e vinte e cinco.<\/td><td class=\"column-3\">2\u00ba Per\u00edodo<\/td><td class=\"column-4\">2025<\/td><td class=\"column-5\"><a href=\"https:\/\/boasaude.rn.leg.br\/transparencia\/wp-content\/uploads\/2025\/12\/10a-Ordinaria-19.11.2025.doc\">Baixar<\/a><\/td>\n<\/tr>\n<tr class=\"row-5\">\n\t<td class=\"column-1\">Ata da nona Sess\u00e3o Ordin\u00e1ria<\/td><td class=\"column-2\">Ata da nona Sess\u00e3o Ordin\u00e1ria, do Segundo Per\u00edodo, da Quarta Sess\u00e3o Legislativa, da D\u00e9cima S\u00e9tima Legislatura da C\u00e2mara Municipal de Boa Sa\u00fade\/RN. Realizada em doze de novembro de dois mil e vinte e cinco.<\/td><td class=\"column-3\">2\u00ba Per\u00edodo<\/td><td class=\"column-4\">2025<\/td><td class=\"column-5\"><a href=\"https:\/\/boasaude.rn.leg.br\/transparencia\/wp-content\/uploads\/2025\/12\/09a-Ordinaria-12.11.2025.doc\">Baixar<\/a><\/td>\n<\/tr>\n<tr class=\"row-6\">\n\t<td class=\"column-1\">Ata da Oitava Sess\u00e3o Ordin\u00e1ria<\/td><td class=\"column-2\">Ata da Oitava Sess\u00e3o Ordin\u00e1ria, do Segundo Per\u00edodo, da Quarta Sess\u00e3o Legislativa, da D\u00e9cima S\u00e9tima Legislatura da C\u00e2mara Municipal de Boa Sa\u00fade\/RN. Realizada em vinte e nove de outubro de dois mil e vinte e cinco.<\/td><td class=\"column-3\">2\u00ba Per\u00edodo<\/td><td class=\"column-4\">2025<\/td><td class=\"column-5\"><a href=\"https:\/\/boasaude.rn.leg.br\/transparencia\/wp-content\/uploads\/2025\/12\/08a-Ordinaria-29.10.2025.doc\">Baixar<\/a><\/td>\n<\/tr>\n<tr class=\"row-7\">\n\t<td class=\"column-1\">Ata da S\u00e9tima Sess\u00e3o Ordin\u00e1ria<\/td><td class=\"column-2\">Ata da S\u00e9tima Sess\u00e3o Ordin\u00e1ria, do Segundo Per\u00edodo, da Quarta Sess\u00e3o Legislativa, da D\u00e9cima S\u00e9tima Legislatura da C\u00e2mara Municipal de Boa Sa\u00fade\/RN. Realizada em vinte e dois de outubro de dois mil e vinte e cinco.<\/td><td class=\"column-3\">2\u00ba Per\u00edodo<\/td><td class=\"column-4\">2025<\/td><td class=\"column-5\"><a href=\"https:\/\/boasaude.rn.leg.br\/transparencia\/wp-content\/uploads\/2025\/12\/07a-Ordinaria-22.10.2025.doc\">Baixar<\/a><\/td>\n<\/tr>\n<tr class=\"row-8\">\n\t<td class=\"column-1\">Ata da Sexta Sess\u00e3o Ordin\u00e1ria<\/td><td class=\"column-2\">Ata da Sexta Sess\u00e3o Ordin\u00e1ria, do Segundo Per\u00edodo, da Quarta Sess\u00e3o Legislativa, da D\u00e9cima S\u00e9tima Legislatura da C\u00e2mara Municipal de Boa Sa\u00fade\/RN. Realizada em oito de outubro de dois mil e vinte e cinco.<\/td><td class=\"column-3\">2\u00ba Per\u00edodo<\/td><td class=\"column-4\">2025<\/td><td class=\"column-5\"><a href=\"https:\/\/boasaude.rn.leg.br\/transparencia\/wp-content\/uploads\/2025\/12\/06a-Ordinaria-08.10.2025.doc\">Baixar<\/a><\/td>\n<\/tr>\n<tr class=\"row-9\">\n\t<td class=\"column-1\">Ata da Quinta Sess\u00e3o Ordin\u00e1ria<\/td><td class=\"column-2\">Ata da Quinta Sess\u00e3o Ordin\u00e1ria, do Segundo Per\u00edodo, da Quarta Sess\u00e3o Legislativa, da D\u00e9cima S\u00e9tima Legislatura da C\u00e2mara Municipal de Boa Sa\u00fade\/RN. Realizada em vinte e quatro de setembro de dois mil e vinte e cinco.<\/td><td class=\"column-3\">2\u00ba Per\u00edodo<\/td><td class=\"column-4\">2025<\/td><td class=\"column-5\"><a href=\"https:\/\/boasaude.rn.leg.br\/transparencia\/wp-content\/uploads\/2025\/12\/05a-Ordinaria-24.09.2025.doc\">Baixar<\/a><\/td>\n<\/tr>\n<tr class=\"row-10\">\n\t<td class=\"column-1\">Ata da Quarta Sess\u00e3o Ordin\u00e1ria<\/td><td class=\"column-2\">Ata da Quarta Sess\u00e3o Ordin\u00e1ria, do Segundo Per\u00edodo, da Quarta Sess\u00e3o Legislativa, da D\u00e9cima S\u00e9tima Legislatura da C\u00e2mara Municipal de Boa Sa\u00fade\/RN. Realizada em dezessete de setembro de dois mil e vinte e cinco.<\/td><td class=\"column-3\">2\u00ba Per\u00edodo<\/td><td class=\"column-4\">2025<\/td><td class=\"column-5\"><a href=\"https:\/\/boasaude.rn.leg.br\/transparencia\/wp-content\/uploads\/2025\/12\/04a-Ordinaria-17.09.2025.doc\">Baixar<\/a><\/td>\n<\/tr>\n<tr class=\"row-11\">\n\t<td class=\"column-1\">Ata da Terceira Sess\u00e3o Ordin\u00e1ria<\/td><td class=\"column-2\">Ata da Terceira Sess\u00e3o Ordin\u00e1ria, do Segundo Per\u00edodo, da Quarta Sess\u00e3o Legislativa, da D\u00e9cima S\u00e9tima Legislatura da C\u00e2mara Municipal de Boa Sa\u00fade\/RN. Realizada em tr\u00eas de setembro de dois mil e vinte e cinco.<\/td><td class=\"column-3\">2\u00ba Per\u00edodo<\/td><td class=\"column-4\">2025<\/td><td class=\"column-5\"><a href=\"https:\/\/boasaude.rn.leg.br\/transparencia\/wp-content\/uploads\/2025\/12\/03a-Ordinaria-03.09.2025.doc\">Baixar<\/a><\/td>\n<\/tr>\n<tr class=\"row-12\">\n\t<td class=\"column-1\">Ata da Segunda Sess\u00e3o Ordin\u00e1ria<\/td><td class=\"column-2\">Ata da Segunda Sess\u00e3o Ordin\u00e1ria, do Segundo Per\u00edodo, da Quarta Sess\u00e3o Legislativa, da D\u00e9cima S\u00e9tima Legislatura da C\u00e2mara Municipal de Boa Sa\u00fade\/RN. Realizada em vinte e sete de agosto de dois mil e vinte e cinco.<\/td><td class=\"column-3\">2\u00ba Per\u00edodo<\/td><td class=\"column-4\">2025<\/td><td class=\"column-5\"><a href=\"https:\/\/boasaude.rn.leg.br\/transparencia\/wp-content\/uploads\/2025\/12\/02a-Ordinaria-27.08.2025.doc\">Baixar<\/a><\/td>\n<\/tr>\n<tr class=\"row-13\">\n\t<td class=\"column-1\">Ata da Primeira Sess\u00e3o Ordin\u00e1ria<\/td><td class=\"column-2\">Ata da Primeira Sess\u00e3o Ordin\u00e1ria, do Segundo Per\u00edodo, da Quarta Sess\u00e3o Legislativa, da D\u00e9cima S\u00e9tima Legislatura da C\u00e2mara Municipal de Boa Sa\u00fade\/RN. Realizada em treze de agosto de dois mil e vinte e cinco.<\/td><td class=\"column-3\">2\u00ba Per\u00edodo<\/td><td class=\"column-4\">2025<\/td><td class=\"column-5\"><a href=\"https:\/\/boasaude.rn.leg.br\/transparencia\/wp-content\/uploads\/2025\/12\/01a-Ordinaria-13.08.2025.doc\">Baixar<\/a><\/td>\n<\/tr>\n<tr class=\"row-14\">\n\t<td class=\"column-1\">Ata da Segunda Sess\u00e3o Extraordin\u00e1ria<\/td><td class=\"column-2\">Ata da Segunda Sess\u00e3o Extraordin\u00e1ria, do Segundo Per\u00edodo, da Quarta Sess\u00e3o Legislativa, da D\u00e9cima S\u00e9tima Legislatura da C\u00e2mara Municipal de Boa Sa\u00fade\/RN. Realizada em vinte e oito de julho de dois mil e vinte e cinco.<\/td><td class=\"column-3\">2\u00ba Per\u00edodo<\/td><td class=\"column-4\">2025<\/td><td class=\"column-5\"><a href=\"https:\/\/boasaude.rn.leg.br\/transparencia\/wp-content\/uploads\/2025\/08\/02a-Extraordinaria-28.07.2025.doc\">Baixar<\/a><\/td>\n<\/tr>\n<tr class=\"row-15\">\n\t<td class=\"column-1\">Ata da Primeira Sess\u00e3o Extraordin\u00e1ria<\/td><td class=\"column-2\">Ata da Primeira Sess\u00e3o Extraordin\u00e1ria, do Segundo Per\u00edodo, da Quarta Sess\u00e3o Legislativa, da D\u00e9cima S\u00e9tima Legislatura da C\u00e2mara Municipal de Boa Sa\u00fade\/RN. Realizada em onze de julho de dois mil e vinte e cinco.<\/td><td class=\"column-3\">2\u00ba Per\u00edodo<\/td><td class=\"column-4\">2025<\/td><td class=\"column-5\"><a href=\"https:\/\/boasaude.rn.leg.br\/transparencia\/wp-content\/uploads\/2025\/08\/01a-Extraordinaria-11.07.2025.doc\">Baixar<\/a><\/td>\n<\/tr>\n<\/tbody>\n<\/table>\n<!-- #tablepress-22 from cache -->\n<p>&nbsp;<\/p>\n<p>[\/et_pb_text][\/et_pb_column][\/et_pb_row][\/et_pb_section]<\/p>\n","protected":false},"excerpt":{"rendered":"<p>Sabemos que a exig\u00eancia por transpar\u00eancia no brasil j\u00e1 se estende desde o ano 2000 com a cria\u00e7\u00e3o da\u00a0lei de Responsabilidade Fiscal\u00a0(Lei Complementar n\u00ba 101, de 04 de maio de 2000), onde se tornou mais forte com a aprova\u00e7\u00e3o da\u00a0Lei da Transpar\u00eancia\u00a0(Lei Complementar 131, de 27 de maio de 2009). tendo seu refor\u00e7o com a\u00a0lei [&hellip;]<\/p>\n","protected":false},"author":1,"featured_media":0,"parent":0,"menu_order":0,"comment_status":"closed","ping_status":"closed","template":"","meta":{"_et_pb_use_builder":"on","_et_pb_old_content":"","_et_gb_content_width":"","footnotes":""},"class_list":["post-3039","page","type-page","status-publish","hentry"],"_links":{"self":[{"href":"https:\/\/boasaude.rn.leg.br\/transparencia\/wp-json\/wp\/v2\/pages\/3039","targetHints":{"allow":["GET"]}}],"collection":[{"href":"https:\/\/boasaude.rn.leg.br\/transparencia\/wp-json\/wp\/v2\/pages"}],"about":[{"href":"https:\/\/boasaude.rn.leg.br\/transparencia\/wp-json\/wp\/v2\/types\/page"}],"author":[{"embeddable":true,"href":"https:\/\/boasaude.rn.leg.br\/transparencia\/wp-json\/wp\/v2\/users\/1"}],"replies":[{"embeddable":true,"href":"https:\/\/boasaude.rn.leg.br\/transparencia\/wp-json\/wp\/v2\/comments?post=3039"}],"version-history":[{"count":4,"href":"https:\/\/boasaude.rn.leg.br\/transparencia\/wp-json\/wp\/v2\/pages\/3039\/revisions"}],"predecessor-version":[{"id":3066,"href":"https:\/\/boasaude.rn.leg.br\/transparencia\/wp-json\/wp\/v2\/pages\/3039\/revisions\/3066"}],"wp:attachment":[{"href":"https:\/\/boasaude.rn.leg.br\/transparencia\/wp-json\/wp\/v2\/media?parent=3039"}],"curies":[{"name":"wp","href":"https:\/\/api.w.org\/{rel}","templated":true}]}}