{"id":212,"date":"2024-02-06T11:34:02","date_gmt":"2024-02-06T14:34:02","guid":{"rendered":"https:\/\/migracao7.ti-inf.com.br\/transparencia\/?page_id=212"},"modified":"2025-05-27T08:50:09","modified_gmt":"2025-05-27T11:50:09","slug":"portarias","status":"publish","type":"page","link":"https:\/\/boasaude.rn.leg.br\/transparencia\/portarias\/","title":{"rendered":"Portarias"},"content":{"rendered":"<p>[et_pb_section fb_built=&#8221;1&#8243; disabled_on=&#8221;on|on|off&#8221; admin_label=&#8221;CABE\u00c7ALHO&#8221; _builder_version=&#8221;4.21.0&#8243; global_module=&#8221;76&#8243; saved_tabs=&#8221;all&#8221; collapsed=&#8221;on&#8221; global_colors_info=&#8221;{}&#8221;][et_pb_row column_structure=&#8221;1_3,1_3,1_3&#8243; admin_label=&#8221;row&#8221; _builder_version=&#8221;4.16&#8243; background_size=&#8221;initial&#8221; background_position=&#8221;top_left&#8221; background_repeat=&#8221;repeat&#8221; global_colors_info=&#8221;{}&#8221;][et_pb_column type=&#8221;1_3&#8243; _builder_version=&#8221;4.16&#8243; custom_padding=&#8221;|||&#8221; global_colors_info=&#8221;{}&#8221; custom_padding__hover=&#8221;|||&#8221;][et_pb_divider show_divider=&#8221;off&#8221; _builder_version=&#8221;4.21.0&#8243; _module_preset=&#8221;default&#8221; global_colors_info=&#8221;{}&#8221;][\/et_pb_divider][et_pb_image src=&#8221;https:\/\/boasaude.rn.leg.br\/transparencia\/wp-content\/uploads\/2024\/02\/PmuxJqGK_400x400-150&#215;150.jpg&#8221; title_text=&#8221;PmuxJqGK_400x400&#8243; _builder_version=&#8221;4.20.4&#8243; _module_preset=&#8221;default&#8221; global_colors_info=&#8221;{}&#8221;][\/et_pb_image][\/et_pb_column][et_pb_column type=&#8221;1_3&#8243; _builder_version=&#8221;4.16&#8243; custom_padding=&#8221;|||&#8221; global_colors_info=&#8221;{}&#8221; custom_padding__hover=&#8221;|||&#8221;][\/et_pb_column][et_pb_column type=&#8221;1_3&#8243; _builder_version=&#8221;4.16&#8243; custom_padding=&#8221;|||&#8221; global_colors_info=&#8221;{}&#8221; custom_padding__hover=&#8221;|||&#8221;][et_pb_divider show_divider=&#8221;off&#8221; _builder_version=&#8221;4.21.0&#8243; _module_preset=&#8221;default&#8221; global_colors_info=&#8221;{}&#8221;][\/et_pb_divider][et_pb_image title_text=&#8221;portal-transparencia-ico&#8221; _builder_version=&#8221;4.20.4&#8243; _module_preset=&#8221;default&#8221; global_colors_info=&#8221;{}&#8221;][\/et_pb_image][\/et_pb_column][\/et_pb_row][et_pb_row _builder_version=&#8221;4.21.0&#8243; _module_preset=&#8221;default&#8221; global_colors_info=&#8221;{}&#8221;][et_pb_column type=&#8221;4_4&#8243; _builder_version=&#8221;4.21.0&#8243; _module_preset=&#8221;default&#8221; global_colors_info=&#8221;{}&#8221;][et_pb_text _builder_version=&#8221;4.21.0&#8243; _module_preset=&#8221;default&#8221; global_colors_info=&#8221;{}&#8221;]<\/p>\n<p>Sabemos que a exig\u00eancia por transpar\u00eancia no brasil j\u00e1 se estende desde o ano 2000 com a cria\u00e7\u00e3o da\u00a0<strong>lei de Responsabilidade Fiscal<\/strong>\u00a0(<a role=\"link\" href=\"https:\/\/www.planalto.gov.br\/ccivil_03\/leis\/lcp\/lcp101.htm\" rel=\"noopener noreferrer\" data-saferedirecturl=\"https:\/\/www.google.com\/url?hl=pt-BR&amp;q=https:\/\/www.planalto.gov.br\/ccivil_03\/leis\/lcp\/lcp101.htm&amp;source=gmail&amp;ust=1478230407070000&amp;usg=AFQjCNE9pnGpq0FhmfIlJR_zkepmQ-uNrQ\" data-raofz=\"14\">Lei Complementar n\u00ba 101, de 04 de maio de 2000<\/a>), onde se tornou mais forte com a aprova\u00e7\u00e3o da\u00a0<strong>Lei da Transpar\u00eancia<\/strong>\u00a0(<a role=\"link\" href=\"http:\/\/www.planalto.gov.br\/ccivil_03\/leis\/LCP\/Lcp131.htm\" rel=\"noopener noreferrer\" data-saferedirecturl=\"https:\/\/www.google.com\/url?hl=pt-BR&amp;q=http:\/\/www.planalto.gov.br\/ccivil_03\/leis\/LCP\/Lcp131.htm&amp;source=gmail&amp;ust=1478230407070000&amp;usg=AFQjCNG8oBs3UoWwT6fsWhP05SJLyAmYtQ\" data-raofz=\"14\">Lei Complementar 131, de 27 de maio de 2009<\/a>). tendo seu refor\u00e7o com a\u00a0<strong>lei de Ficha Limpa<\/strong>\u00a0(<a role=\"link\" href=\"https:\/\/www.planalto.gov.br\/ccivil_03\/leis\/lcp\/lcp135.htm\" rel=\"noopener noreferrer\" data-saferedirecturl=\"https:\/\/www.google.com\/url?hl=pt-BR&amp;q=https:\/\/www.planalto.gov.br\/ccivil_03\/leis\/lcp\/lcp135.htm&amp;source=gmail&amp;ust=1478230407070000&amp;usg=AFQjCNGq_rOZpNpiY7XQhV12lu1pwYPu7w\" data-raofz=\"14\">Lei Complementar n\u00ba 135, de 04 de junho de 2010<\/a>) e efetivando a transpar\u00eancia de fato com a\u00a0<strong>Lei de Acesso a Informa\u00e7\u00e3o<\/strong>\u00a0(<a role=\"link\" href=\"https:\/\/www.planalto.gov.br\/ccivil_03\/_ato2011-2014\/2011\/lei\/l12527.htm\" rel=\"noopener noreferrer\" data-saferedirecturl=\"https:\/\/www.google.com\/url?hl=pt-BR&amp;q=https:\/\/www.planalto.gov.br\/ccivil_03\/_ato2011-2014\/2011\/lei\/l12527.htm&amp;source=gmail&amp;ust=1478230407070000&amp;usg=AFQjCNHVmJgKX3zynYJk9g9JIC2cBxUzjg\" data-raofz=\"14\">Lei n\u00ba 12.527, de 18 de novembro de 2011<\/a>).<\/p>\n<p>[\/et_pb_text][\/et_pb_column][\/et_pb_row][\/et_pb_section][et_pb_section fb_built=&#8221;1&#8243; disabled_on=&#8221;on|on|off&#8221; admin_label=&#8221;MENU&#8221; _builder_version=&#8221;4.21.0&#8243; _module_preset=&#8221;default&#8221; background_color=&#8221;#0C71C3&#8243; border_width_all=&#8221;10px&#8221; border_color_all=&#8221;RGBA(255,255,255,0)&#8221; box_shadow_style=&#8221;preset1&#8243; global_module=&#8221;75&#8243; saved_tabs=&#8221;all&#8221; collapsed=&#8221;on&#8221; global_colors_info=&#8221;{}&#8221;][et_pb_row _builder_version=&#8221;4.21.0&#8243; _module_preset=&#8221;default&#8221; background_color=&#8221;RGBA(255,255,255,0)&#8221; global_colors_info=&#8221;{}&#8221;][et_pb_column type=&#8221;4_4&#8243; _builder_version=&#8221;4.21.0&#8243; _module_preset=&#8221;default&#8221; global_colors_info=&#8221;{}&#8221;][et_pb_menu active_link_color=&#8221;#FFFFFF&#8221; _builder_version=&#8221;4.21.0&#8243; _module_preset=&#8221;default&#8221; menu_font=&#8221;|||on|||||&#8221; menu_text_color=&#8221;#FFFFFF&#8221; background_color=&#8221;RGBA(255,255,255,0)&#8221; global_colors_info=&#8221;{}&#8221;][\/et_pb_menu][\/et_pb_column][\/et_pb_row][\/et_pb_section][et_pb_section fb_built=&#8221;1&#8243; admin_label=&#8221;CORPO&#8221; _builder_version=&#8221;4.21.0&#8243; _module_preset=&#8221;default&#8221; collapsed=&#8221;off&#8221; global_colors_info=&#8221;{}&#8221;][et_pb_row _builder_version=&#8221;4.21.0&#8243; _module_preset=&#8221;default&#8221; border_width_all=&#8221;20px&#8221; border_color_all=&#8221;RGBA(255,255,255,0)&#8221; box_shadow_style=&#8221;preset1&#8243; global_colors_info=&#8221;{}&#8221;][et_pb_column type=&#8221;4_4&#8243; _builder_version=&#8221;4.21.0&#8243; _module_preset=&#8221;default&#8221; global_colors_info=&#8221;{}&#8221;][et_pb_text admin_label=&#8221;TRILHA DE NAVEGA\u00c7\u00c3O&#8221; _builder_version=&#8221;4.21.0&#8243; _module_preset=&#8221;default&#8221; global_colors_info=&#8221;{}&#8221;]<\/p>\n<p><a href=\"https:\/\/boasaude.rn.leg.br\/\">IN\u00cdCIO<\/a> \/ <a href=\"https:\/\/boasaude.rn.leg.br\/transparencia\/\">TRANSPAR\u00caNCIA<\/a> \/ Portarias<\/p>\n<p>[\/et_pb_text][et_pb_post_title meta=&#8221;off&#8221; featured_image=&#8221;off&#8221; admin_label=&#8221;T\u00cdTULO&#8221; _builder_version=&#8221;4.21.0&#8243; _module_preset=&#8221;default&#8221; title_font=&#8221;|700||on|||||&#8221; title_text_color=&#8221;#000000&#8243; global_colors_info=&#8221;{}&#8221;][\/et_pb_post_title][et_pb_divider admin_label=&#8221;Divisor&#8221; _builder_version=&#8221;4.21.0&#8243; _module_preset=&#8221;default&#8221; global_colors_info=&#8221;{}&#8221;][\/et_pb_divider][et_pb_text admin_label=&#8221;INFORMA\u00c7\u00c3O&#8221; _builder_version=&#8221;4.20.4&#8243; _module_preset=&#8221;default&#8221; hover_enabled=&#8221;0&#8243; global_colors_info=&#8221;{}&#8221; sticky_enabled=&#8221;0&#8243;]<\/p>\n<div align=\"right\">|\u00a0<strong><a href=\"\/feed\" target=\"_blank\" rel=\"noopener\">XML\u2193<\/a><\/strong>\u00a0| <a href=\"https:\/\/lajes.rn.gov.br\/transparente\/index\/wp-content\/uploads\/2025\/04\/export.csv\" target=\"_blank\" rel=\"noopener\">\u00a0<strong>CSV\u2193<\/strong><\/a>\u00a0| <a href=\"?print=pdf\" target=\"_blank\" rel=\"noopener\"><strong>PDF<\/strong>\u2193<\/a>\u00a0\u00a0| <a href=\"?print=print\" target=\"_blank\" rel=\"noopener\"><strong>IMPRIMIR<\/strong>\u2193<\/a> \u00a0|<\/div>\n<div align=\"right\">\u00a0<\/div>\n\n\n    <div class='data-table-23 tableon-data-table  tableon_default_tables ' data-skin=\"default\" data-post-type=\"post\" id='t69e770d66e651'>\n        <input type=\"search\" data-key=\"post_title\" value=\"\" minlength=\"3\" class=\"tableon-text-search\"  placeholder=\"Digite o n\u00famero ou um termo da Portaria\" \/>\n\n\n                    <div class=\"tableon-filter-data\" style=\"display: none;\">{\"category\":{\"title\":\"S\\u00e9rie hist\\u00f3rica\",\"view\":\"select\",\"options\":[{\"id\":5,\"name\":\"Legisla\\u00e7\\u00e3o\",\"slug\":\"legislacao\",\"title\":\" Legisla\\u00e7\\u00e3o\"},{\"id\":10,\"name\":\"Portarias\",\"slug\":\"portarias\",\"title\":\"- Portarias\"},{\"id\":11,\"name\":\"Portarias 2023\",\"slug\":\"portarias-2023\",\"title\":\"-- Portarias 2023\"},{\"id\":12,\"name\":\"Portarias 2024\",\"slug\":\"portarias-2024\",\"title\":\"-- Portarias 2024\"},{\"id\":55,\"name\":\"Portarias 2025\",\"slug\":\"portarias-2025\",\"title\":\"-- Portarias 2025\"}]},\"post_date\":{\"view\":\"calendar\",\"placeholder\":\"De: Data\",\"title\":\"De: Data\"},\"post_date---to\":{\"view\":\"calendar\",\"placeholder\":\"Para: Data\",\"title\":\"Para: Data\"}}<\/div>\n\n                                            <div class=\"tableon-filter-list  \"><\/div>\n            \n            <div class=\"tableon-clearfix\"><\/div>\n        \n        <div class=\"tableon-order-select-zone\" style=\"float:right;\">\n                    <\/div>  \n\n        <div class=\"tableon-clearfix\"><\/div>\n\n        <div class=\"table23-place-loader\">Loading ...<\/div>\n        <table class=\"tableon-table\"><\/table>\n\n    <\/div>\n\n\n    <style data-table23-skin='default' data-table23-skin-of='t69e770d66e651'><\/style><div class='tableon-table-json-data' data-table-id='t69e770d66e651' style='display: none;'>{\"mode\":\"ajax\",\"wp_nonce\":\"3377a5ed97\",\"ajax_url\":\"https:\\\/\\\/boasaude.rn.leg.br\\\/transparencia\\\/wp-admin\\\/admin-ajax.php\",\"selected_lang\":\"pt_BR\",\"table_data\":[],\"heads\":{\"post_title\":\"Biblioteca de Portarias\",\"post_status\":\"Status\"},\"hide_on_mobile\":[],\"cells_width\":[\"auto\",\"auto\"],\"orders\":{\"id\":\"desc\",\"post_title\":\"asc\",\"post_status\":\"asc\",\"post_date\":\"desc\",\"post_modified\":\"desc\",\"comment_count\":\"desc\"},\"editable\":[],\"custom_field_keys\":[],\"total_rows_count\":100,\"use_load_more\":1,\"css_classes\":\"\",\"no_found_text\":\"\",\"show_print_btn\":1,\"post_id\":0,\"compact_view_width\":-1,\"stop_notice\":\"\",\"use_flow_header\":1,\"style\":\"\",\"skin\":\"\",\"pagination\":{\"position\":\"tb\",\"next\":{\"class\":\"tableon-btn\",\"content\":\"&gt;\"},\"prev\":{\"class\":\"tableon-btn\",\"content\":\"&lt;\"},\"input\":{\"class\":\"tableon-form-control\"}},\"lang\":{\"loading\":\"Loading ...\",\"no_data\":\"No Data!\",\"error\":\"Error!\",\"items\":\"Publica\\u00e7\\u00f5es\",\"page\":\"Page\",\"pages\":\"P\\u00e1ginas\",\"load_more\":\"Leia mais...\"},\"per_page_sel_position\":\"tb\",\"per_page_sel_pp\":[\"10\",\"20\",\"30\",\"40\",\"50\",\"60\",\"70\",\"80\",\"90\",\"100\"],\"print_css_url\":\"https:\\\/\\\/boasaude.rn.leg.br\\\/transparencia\\\/wp-content\\\/plugins\\\/posts-table-filterable\\\/assets\\\/css\\\/print.css\",\"request_data\":{\"action\":\"tableon_get_table_data\",\"fields\":[\"post_title\",\"post_status\"],\"post_type\":\"post\",\"wp_columns_actions\":\"tableon_default_tables\",\"table_id\":9,\"predefinition\":\"a:1:{s:5:\\u0022rules\\u0022;a:1:{s:11:\\u0022by_taxonomy\\u0022;s:11:\\u0022category:10\\u0022;}}\",\"filter_data\":\"\",\"filter_provider\":\"default\",\"orderby\":\"post_date\",\"order\":\"desc\",\"per_page\":100,\"current_page\":0,\"shortcode_args_set\":\"a:4:{s:2:\\u0022id\\u0022;s:1:\\u00229\\u0022;s:6:\\u0022action\\u0022;s:22:\\u0022tableon_default_tables\\u0022;s:13:\\u0022no_found_text\\u0022;s:0:\\u0022\\u0022;s:15:\\u0022use_flow_header\\u0022;i:1;}\",\"tableon_link_get_data\":\"[]\"}}<\/div>\n<p>[\/et_pb_text][\/et_pb_column][\/et_pb_row][\/et_pb_section]<\/p>\n","protected":false},"excerpt":{"rendered":"<p>Sabemos que a exig\u00eancia por transpar\u00eancia no brasil j\u00e1 se estende desde o ano 2000 com a cria\u00e7\u00e3o da\u00a0lei de Responsabilidade Fiscal\u00a0(Lei Complementar n\u00ba 101, de 04 de maio de 2000), onde se tornou mais forte com a aprova\u00e7\u00e3o da\u00a0Lei da Transpar\u00eancia\u00a0(Lei Complementar 131, de 27 de maio de 2009). tendo seu refor\u00e7o com a\u00a0lei [&hellip;]<\/p>\n","protected":false},"author":1,"featured_media":0,"parent":0,"menu_order":0,"comment_status":"closed","ping_status":"closed","template":"","meta":{"_et_pb_use_builder":"on","_et_pb_old_content":"","_et_gb_content_width":"","footnotes":""},"class_list":["post-212","page","type-page","status-publish","hentry"],"_links":{"self":[{"href":"https:\/\/boasaude.rn.leg.br\/transparencia\/wp-json\/wp\/v2\/pages\/212","targetHints":{"allow":["GET"]}}],"collection":[{"href":"https:\/\/boasaude.rn.leg.br\/transparencia\/wp-json\/wp\/v2\/pages"}],"about":[{"href":"https:\/\/boasaude.rn.leg.br\/transparencia\/wp-json\/wp\/v2\/types\/page"}],"author":[{"embeddable":true,"href":"https:\/\/boasaude.rn.leg.br\/transparencia\/wp-json\/wp\/v2\/users\/1"}],"replies":[{"embeddable":true,"href":"https:\/\/boasaude.rn.leg.br\/transparencia\/wp-json\/wp\/v2\/comments?post=212"}],"version-history":[{"count":4,"href":"https:\/\/boasaude.rn.leg.br\/transparencia\/wp-json\/wp\/v2\/pages\/212\/revisions"}],"predecessor-version":[{"id":2705,"href":"https:\/\/boasaude.rn.leg.br\/transparencia\/wp-json\/wp\/v2\/pages\/212\/revisions\/2705"}],"wp:attachment":[{"href":"https:\/\/boasaude.rn.leg.br\/transparencia\/wp-json\/wp\/v2\/media?parent=212"}],"curies":[{"name":"wp","href":"https:\/\/api.w.org\/{rel}","templated":true}]}}