{"id":1829,"date":"2025-03-05T17:47:45","date_gmt":"2025-03-05T20:47:45","guid":{"rendered":"https:\/\/boasaude.rn.leg.br\/transparencia\/?page_id=1829"},"modified":"2025-04-29T12:29:21","modified_gmt":"2025-04-29T15:29:21","slug":"avisos-frente","status":"publish","type":"page","link":"https:\/\/boasaude.rn.leg.br\/transparencia\/avisos-frente\/","title":{"rendered":"Avisos &#8211; Frente"},"content":{"rendered":"<div align=\"right\">|\u00a0<strong><a href=\"\/feed\" target=\"_blank\" rel=\"noopener\">XML\u2193<\/a><\/strong>\u00a0| <a href=\"https:\/\/lajes.rn.gov.br\/transparente\/index\/wp-content\/uploads\/2025\/04\/export.csv\" target=\"_blank\" rel=\"noopener\">\u00a0<strong>CSV\u2193<\/strong><\/a>\u00a0| <a href=\"?print=pdf\" target=\"_blank\" rel=\"noopener\"><strong>PDF<\/strong>\u2193<\/a>\u00a0\u00a0| <a href=\"?print=print\" target=\"_blank\" rel=\"noopener\"><strong>IMPRIMIR<\/strong>\u2193<\/a>\u00a0\u00a0|<\/div>\n<p>&nbsp;<br \/>\n<div class=\"pt-cv-wrapper et_smooth_scroll_disabled\"><div class=\"pt-cv-view pt-cv-grid pt-cv-colsys\" id=\"pt-cv-view-e68c672o35\"><div data-id=\"pt-cv-page-1\" class=\"pt-cv-page\" data-cvc=\"1\"><div class=\"col-md-12 col-sm-12 col-xs-12 pt-cv-content-item pt-cv-1-col\" ><div class='pt-cv-ifield'><p class=\"pt-cv-title\"><a href=\"https:\/\/boasaude.rn.leg.br\/transparencia\/aviso-de-intencao-de-contratar-processo-no-00011-2025\/\" class=\"_blank\" target=\"_blank\" >AVISO DE INTEN\u00c7\u00c3O DE CONTRATAR &#8211; PROCESSO N\u00ba 00011\/2025<\/a><\/p><\/div><\/div>\n<div class=\"col-md-12 col-sm-12 col-xs-12 pt-cv-content-item pt-cv-1-col\" ><div class='pt-cv-ifield'><p class=\"pt-cv-title\"><a href=\"https:\/\/boasaude.rn.leg.br\/transparencia\/aviso-de-intencao-de-contratar-processo-no-00012-2025\/\" class=\"_blank\" target=\"_blank\" >AVISO DE INTEN\u00c7\u00c3O DE CONTRATAR &#8211; PROCESSO N\u00ba 00012\/2025<\/a><\/p><\/div><\/div>\n<div class=\"col-md-12 col-sm-12 col-xs-12 pt-cv-content-item pt-cv-1-col\" ><div class='pt-cv-ifield'><p class=\"pt-cv-title\"><a href=\"https:\/\/boasaude.rn.leg.br\/transparencia\/aviso-de-intencao-de-contratar-processo-no-00013-2025\/\" class=\"_blank\" target=\"_blank\" >AVISO DE INTEN\u00c7\u00c3O DE CONTRATAR &#8211; PROCESSO N\u00ba 00013\/2025<\/a><\/p><\/div><\/div>\n<div class=\"col-md-12 col-sm-12 col-xs-12 pt-cv-content-item pt-cv-1-col\" ><div class='pt-cv-ifield'><p class=\"pt-cv-title\"><a href=\"https:\/\/boasaude.rn.leg.br\/transparencia\/aviso-de-intencao-de-contratar-processo-no-00015-2025\/\" class=\"_blank\" target=\"_blank\" >AVISO DE INTEN\u00c7\u00c3O DE CONTRATAR &#8211; PROCESSO N\u00ba 00015\/2025<\/a><\/p><\/div><\/div>\n<div class=\"col-md-12 col-sm-12 col-xs-12 pt-cv-content-item pt-cv-1-col\" ><div class='pt-cv-ifield'><p class=\"pt-cv-title\"><a href=\"https:\/\/boasaude.rn.leg.br\/transparencia\/aviso-de-intencao-de-contratar-processo-no-00014-2025\/\" class=\"_blank\" target=\"_blank\" >AVISO DE INTEN\u00c7\u00c3O DE CONTRATAR &#8211; PROCESSO N\u00ba 00014\/2025<\/a><\/p><\/div><\/div>\n<div class=\"col-md-12 col-sm-12 col-xs-12 pt-cv-content-item pt-cv-1-col\" ><div class='pt-cv-ifield'><p class=\"pt-cv-title\"><a href=\"https:\/\/boasaude.rn.leg.br\/transparencia\/aviso-de-intencao-de-contratar-processo-no-00010-2025\/\" class=\"_blank\" target=\"_blank\" >AVISO DE INTEN\u00c7\u00c3O DE CONTRATAR &#8211; PROCESSO N\u00ba 00010\/2025<\/a><\/p><\/div><\/div>\n<div class=\"col-md-12 col-sm-12 col-xs-12 pt-cv-content-item pt-cv-1-col\" ><div class='pt-cv-ifield'><p class=\"pt-cv-title\"><a href=\"https:\/\/boasaude.rn.leg.br\/transparencia\/aviso-de-intencao-de-contratar-processo-no-00009-2025\/\" class=\"_blank\" target=\"_blank\" >AVISO DE INTEN\u00c7\u00c3O DE CONTRATAR &#8211; PROCESSO N\u00ba 00009\/2025<\/a><\/p><\/div><\/div>\n<div class=\"col-md-12 col-sm-12 col-xs-12 pt-cv-content-item pt-cv-1-col\" ><div class='pt-cv-ifield'><p class=\"pt-cv-title\"><a href=\"https:\/\/boasaude.rn.leg.br\/transparencia\/aviso-de-intencao-de-contratar-processo-no-00008-2025\/\" class=\"_blank\" target=\"_blank\" >AVISO DE INTEN\u00c7\u00c3O DE CONTRATAR &#8211; PROCESSO N\u00ba 00008\/2025<\/a><\/p><\/div><\/div>\n<div class=\"col-md-12 col-sm-12 col-xs-12 pt-cv-content-item pt-cv-1-col\" ><div class='pt-cv-ifield'><p class=\"pt-cv-title\"><a href=\"https:\/\/boasaude.rn.leg.br\/transparencia\/aviso-de-intencao-de-contratar-processo-no-00007-2025\/\" class=\"_blank\" target=\"_blank\" >AVISO DE INTEN\u00c7\u00c3O DE CONTRATAR &#8211; PROCESSO N\u00ba 00007\/2025<\/a><\/p><\/div><\/div>\n<div class=\"col-md-12 col-sm-12 col-xs-12 pt-cv-content-item pt-cv-1-col\" ><div class='pt-cv-ifield'><p class=\"pt-cv-title\"><a href=\"https:\/\/boasaude.rn.leg.br\/transparencia\/pesquisa-mercadologica\/\" class=\"_blank\" target=\"_blank\" >PESQUISA MERCADOL\u00d3GICA<\/a><\/p><\/div><\/div>\n<div class=\"col-md-12 col-sm-12 col-xs-12 pt-cv-content-item pt-cv-1-col\" ><div class='pt-cv-ifield'><p class=\"pt-cv-title\"><a href=\"https:\/\/boasaude.rn.leg.br\/transparencia\/aviso-de-cotacao-eletronica-no-017-2024\/\" class=\"_blank\" target=\"_blank\" >AVISO DE COTA\u00c7\u00c3O ELETR\u00d4NICA N\u00ba 017\/2024<\/a><\/p><\/div><\/div>\n<div class=\"col-md-12 col-sm-12 col-xs-12 pt-cv-content-item pt-cv-1-col\" ><div class='pt-cv-ifield'><p class=\"pt-cv-title\"><a href=\"https:\/\/boasaude.rn.leg.br\/transparencia\/aviso-de-cotacao-eletronica-no-016-2024-2\/\" class=\"_blank\" target=\"_blank\" >AVISO DE COTA\u00c7\u00c3O ELETR\u00d4NICA N\u00ba 016\/2024<\/a><\/p><\/div><\/div><\/div><\/div><\/div><\/p>\n","protected":false},"excerpt":{"rendered":"<p>|\u00a0XML\u2193\u00a0| \u00a0CSV\u2193\u00a0| PDF\u2193\u00a0\u00a0| IMPRIMIR\u2193\u00a0\u00a0| &nbsp;<\/p>\n","protected":false},"author":1,"featured_media":0,"parent":0,"menu_order":0,"comment_status":"closed","ping_status":"closed","template":"","meta":{"_et_pb_use_builder":"","_et_pb_old_content":"","_et_gb_content_width":"","footnotes":""},"class_list":["post-1829","page","type-page","status-publish","hentry"],"_links":{"self":[{"href":"https:\/\/boasaude.rn.leg.br\/transparencia\/wp-json\/wp\/v2\/pages\/1829","targetHints":{"allow":["GET"]}}],"collection":[{"href":"https:\/\/boasaude.rn.leg.br\/transparencia\/wp-json\/wp\/v2\/pages"}],"about":[{"href":"https:\/\/boasaude.rn.leg.br\/transparencia\/wp-json\/wp\/v2\/types\/page"}],"author":[{"embeddable":true,"href":"https:\/\/boasaude.rn.leg.br\/transparencia\/wp-json\/wp\/v2\/users\/1"}],"replies":[{"embeddable":true,"href":"https:\/\/boasaude.rn.leg.br\/transparencia\/wp-json\/wp\/v2\/comments?post=1829"}],"version-history":[{"count":2,"href":"https:\/\/boasaude.rn.leg.br\/transparencia\/wp-json\/wp\/v2\/pages\/1829\/revisions"}],"predecessor-version":[{"id":2434,"href":"https:\/\/boasaude.rn.leg.br\/transparencia\/wp-json\/wp\/v2\/pages\/1829\/revisions\/2434"}],"wp:attachment":[{"href":"https:\/\/boasaude.rn.leg.br\/transparencia\/wp-json\/wp\/v2\/media?parent=1829"}],"curies":[{"name":"wp","href":"https:\/\/api.w.org\/{rel}","templated":true}]}}