{"id":1825,"date":"2025-03-05T17:31:05","date_gmt":"2025-03-05T20:31:05","guid":{"rendered":"https:\/\/boasaude.rn.leg.br\/transparencia\/?page_id=1825"},"modified":"2025-04-29T15:24:28","modified_gmt":"2025-04-29T18:24:28","slug":"publicacoes-frente","status":"publish","type":"page","link":"https:\/\/boasaude.rn.leg.br\/transparencia\/publicacoes-frente\/","title":{"rendered":"Publica\u00e7\u00f5es &#8211; Frente"},"content":{"rendered":"<div align=\"right\">|\u00a0<strong><a href=\"\/feed\" target=\"_blank\" rel=\"noopener\">XML\u2193<\/a><\/strong>\u00a0| <a href=\"https:\/\/lajes.rn.gov.br\/transparente\/index\/wp-content\/uploads\/2025\/04\/export.csv\" target=\"_blank\" rel=\"noopener\">\u00a0<strong>CSV\u2193<\/strong><\/a>\u00a0| <a href=\"?print=pdf\" target=\"_blank\" rel=\"noopener\"><strong>PDF<\/strong>\u2193<\/a>\u00a0\u00a0| <a href=\"?print=print\" target=\"_blank\" rel=\"noopener\"><strong>IMPRIMIR<\/strong>\u2193<\/a>\u00a0\u00a0|<\/div>\n<p>&nbsp;<br \/>\n<div class=\"pt-cv-wrapper et_smooth_scroll_disabled\"><div class=\"pt-cv-view pt-cv-grid pt-cv-colsys\" id=\"pt-cv-view-faaf09fmxi\"><div data-id=\"pt-cv-page-1\" class=\"pt-cv-page\" data-cvc=\"1\"><div class=\"col-md-12 col-sm-12 col-xs-12 pt-cv-content-item pt-cv-1-col\" ><div class='pt-cv-ifield'><p class=\"pt-cv-title\"><a href=\"https:\/\/boasaude.rn.leg.br\/transparencia\/requerimento-no-115-2025-valdinho-brandao-construcao-de-mercado-mpublico-distrito-de-corrego-de-sao-mateus\/\" class=\"_blank\" target=\"_blank\" >REQUERIMENTO N\u00ba 115.2025 &#8211; VALDINHO BRAND\u00c3O &#8211; CONSTRU\u00c7\u00c3O DE MERCADO MP\u00daBLICO DISTRITO DE C\u00d3RREGO DE S\u00c3O MATEUS<\/a><\/p><\/div><\/div>\n<div class=\"col-md-12 col-sm-12 col-xs-12 pt-cv-content-item pt-cv-1-col\" ><div class='pt-cv-ifield'><p class=\"pt-cv-title\"><a href=\"https:\/\/boasaude.rn.leg.br\/transparencia\/requerimento-no-108-2025-valdinho-brandao-cria-departamento-de-administracao-distrital16122025\/\" class=\"_blank\" target=\"_blank\" >REQUERIMENTO N\u00ba 108.2025 &#8211; VALDINHO BRAND\u00c3O &#8211; CRIA DEPARTAMENTO DE ADMINISTRA\u00c7\u00c3O DISTRITAL16122025<\/a><\/p><\/div><\/div>\n<div class=\"col-md-12 col-sm-12 col-xs-12 pt-cv-content-item pt-cv-1-col\" ><div class='pt-cv-ifield'><p class=\"pt-cv-title\"><a href=\"https:\/\/boasaude.rn.leg.br\/transparencia\/pauta-12a-sessao-ordinaria-segundo-periodo\/\" class=\"_blank\" target=\"_blank\" >PAUTA \u2013 12\u00aa Sess\u00e3o Ordin\u00e1ria &#8211; Segundo Per\u00edodo<\/a><\/p><\/div><\/div>\n<div class=\"col-md-12 col-sm-12 col-xs-12 pt-cv-content-item pt-cv-1-col\" ><div class='pt-cv-ifield'><p class=\"pt-cv-title\"><a href=\"https:\/\/boasaude.rn.leg.br\/transparencia\/projeto-de-lei-no-013-2025\/\" class=\"_blank\" target=\"_blank\" >PROJETO DE LEI N\u00ba 013\/2025<\/a><\/p><\/div><\/div>\n<div class=\"col-md-12 col-sm-12 col-xs-12 pt-cv-content-item pt-cv-1-col\" ><div class='pt-cv-ifield'><p class=\"pt-cv-title\"><a href=\"https:\/\/boasaude.rn.leg.br\/transparencia\/requerimento-no-113-2025-paulinho-de-azulao-mocao-de-aplausos\/\" class=\"_blank\" target=\"_blank\" >REQUERIMENTO N\u00ba 113.2025 &#8211; PAULINHO DE AZUL\u00c3O &#8211; MO\u00c7\u00c3O DE APLAUSOS<\/a><\/p><\/div><\/div>\n<div class=\"col-md-12 col-sm-12 col-xs-12 pt-cv-content-item pt-cv-1-col\" ><div class='pt-cv-ifield'><p class=\"pt-cv-title\"><a href=\"https:\/\/boasaude.rn.leg.br\/transparencia\/requerimento-no-114-2025-silvana-carlos-espaco-para-treinamento-de-karate\/\" class=\"_blank\" target=\"_blank\" >REQUERIMENTO N\u00ba 114.2025 &#8211; SILVANA CARLOS &#8211; ESPA\u00c7O PARA TREINAMENTO DE KARAT\u00ca<\/a><\/p><\/div><\/div>\n<div class=\"col-md-12 col-sm-12 col-xs-12 pt-cv-content-item pt-cv-1-col\" ><div class='pt-cv-ifield'><p class=\"pt-cv-title\"><a href=\"https:\/\/boasaude.rn.leg.br\/transparencia\/requerimento-no-112-2025-silvana-carlos-manutencao-da-av-do-turismo\/\" class=\"_blank\" target=\"_blank\" >REQUERIMENTO N\u00ba 112.2025 &#8211; SILVANA CARLOS &#8211; MANUTEN\u00c7\u00c3O DA AV. DO TURISMO<\/a><\/p><\/div><\/div>\n<div class=\"col-md-12 col-sm-12 col-xs-12 pt-cv-content-item pt-cv-1-col\" ><div class='pt-cv-ifield'><p class=\"pt-cv-title\"><a href=\"https:\/\/boasaude.rn.leg.br\/transparencia\/requerimento-no-111-2025-silvana-carlos-recuperacao-da-estrada-da-comunidade-do-morro-do-borel\/\" class=\"_blank\" target=\"_blank\" >REQUERIMENTO N\u00ba 111.2025 &#8211; SILVANA CARLOS &#8211; RECUPERA\u00c7\u00c3O DA ESTRADA DA COMUNIDADE DO MORRO DO BOREL<\/a><\/p><\/div><\/div>\n<div class=\"col-md-12 col-sm-12 col-xs-12 pt-cv-content-item pt-cv-1-col\" ><div class='pt-cv-ifield'><p class=\"pt-cv-title\"><a href=\"https:\/\/boasaude.rn.leg.br\/transparencia\/pauta-11a-sessao-ordinaria-segundo-periodo\/\" class=\"_blank\" target=\"_blank\" >PAUTA \u2013 11\u00aa Sess\u00e3o Ordin\u00e1ria &#8211; Segundo Per\u00edodo<\/a><\/p><\/div><\/div>\n<div class=\"col-md-12 col-sm-12 col-xs-12 pt-cv-content-item pt-cv-1-col\" ><div class='pt-cv-ifield'><p class=\"pt-cv-title\"><a href=\"https:\/\/boasaude.rn.leg.br\/transparencia\/requerimento-no-109-2025-fabio-guino-atendimento-medico-semanal-st-capivara-limoeiro-e-murici\/\" class=\"_blank\" target=\"_blank\" >REQUERIMENTO N\u00ba 109.2025 &#8211; F\u00c1BIO GUINO &#8211; ATENDIMENTO M\u00c9DICO SEMANAL ST. CAPIVARA, LIMOEIRO E MURICI<\/a><\/p><\/div><\/div>\n<div class=\"col-md-12 col-sm-12 col-xs-12 pt-cv-content-item pt-cv-1-col\" ><div class='pt-cv-ifield'><p class=\"pt-cv-title\"><a href=\"https:\/\/boasaude.rn.leg.br\/transparencia\/pauta-10a-sessao-ordinaria-segundo-periodo\/\" class=\"_blank\" target=\"_blank\" >PAUTA \u2013 10\u00aa Sess\u00e3o Ordin\u00e1ria &#8211; Segundo Per\u00edodo<\/a><\/p><\/div><\/div>\n<div class=\"col-md-12 col-sm-12 col-xs-12 pt-cv-content-item pt-cv-1-col\" ><div class='pt-cv-ifield'><p class=\"pt-cv-title\"><a href=\"https:\/\/boasaude.rn.leg.br\/transparencia\/requerimento-no-110-2025-fabio-guino-atendimento-madico-quinzenal-st-barrentas\/\" class=\"_blank\" target=\"_blank\" >REQUERIMENTO N\u00ba 110.2025 &#8211; F\u00c1BIO GUINO &#8211; ATENDIMENTO M\u00c1DICO QUINZENAL ST. BARRENTAS<\/a><\/p><\/div><\/div><\/div><\/div><\/div><\/p>\n","protected":false},"excerpt":{"rendered":"<p>|\u00a0XML\u2193\u00a0| \u00a0CSV\u2193\u00a0| PDF\u2193\u00a0\u00a0| IMPRIMIR\u2193\u00a0\u00a0| &nbsp;<\/p>\n","protected":false},"author":1,"featured_media":0,"parent":0,"menu_order":0,"comment_status":"closed","ping_status":"closed","template":"","meta":{"_et_pb_use_builder":"","_et_pb_old_content":"","_et_gb_content_width":"","footnotes":""},"class_list":["post-1825","page","type-page","status-publish","hentry"],"_links":{"self":[{"href":"https:\/\/boasaude.rn.leg.br\/transparencia\/wp-json\/wp\/v2\/pages\/1825","targetHints":{"allow":["GET"]}}],"collection":[{"href":"https:\/\/boasaude.rn.leg.br\/transparencia\/wp-json\/wp\/v2\/pages"}],"about":[{"href":"https:\/\/boasaude.rn.leg.br\/transparencia\/wp-json\/wp\/v2\/types\/page"}],"author":[{"embeddable":true,"href":"https:\/\/boasaude.rn.leg.br\/transparencia\/wp-json\/wp\/v2\/users\/1"}],"replies":[{"embeddable":true,"href":"https:\/\/boasaude.rn.leg.br\/transparencia\/wp-json\/wp\/v2\/comments?post=1825"}],"version-history":[{"count":2,"href":"https:\/\/boasaude.rn.leg.br\/transparencia\/wp-json\/wp\/v2\/pages\/1825\/revisions"}],"predecessor-version":[{"id":2574,"href":"https:\/\/boasaude.rn.leg.br\/transparencia\/wp-json\/wp\/v2\/pages\/1825\/revisions\/2574"}],"wp:attachment":[{"href":"https:\/\/boasaude.rn.leg.br\/transparencia\/wp-json\/wp\/v2\/media?parent=1825"}],"curies":[{"name":"wp","href":"https:\/\/api.w.org\/{rel}","templated":true}]}}