{"id":1054,"date":"2024-10-15T11:09:21","date_gmt":"2024-10-15T14:09:21","guid":{"rendered":"https:\/\/boasaude.rn.leg.br\/transparencia\/?page_id=1054"},"modified":"2025-04-29T12:29:08","modified_gmt":"2025-04-29T15:29:08","slug":"aviso-de-licitacao","status":"publish","type":"page","link":"https:\/\/boasaude.rn.leg.br\/transparencia\/aviso-de-licitacao\/","title":{"rendered":"Aviso de Licita\u00e7\u00e3o"},"content":{"rendered":"<p>[et_pb_section fb_built=&#8221;1&#8243; disabled_on=&#8221;on|on|off&#8221; admin_label=&#8221;CABE\u00c7ALHO&#8221; _builder_version=&#8221;4.21.0&#8243; global_module=&#8221;76&#8243; saved_tabs=&#8221;all&#8221; collapsed=&#8221;on&#8221; global_colors_info=&#8221;{}&#8221;][et_pb_row column_structure=&#8221;1_3,1_3,1_3&#8243; admin_label=&#8221;row&#8221; _builder_version=&#8221;4.16&#8243; background_size=&#8221;initial&#8221; background_position=&#8221;top_left&#8221; background_repeat=&#8221;repeat&#8221; global_colors_info=&#8221;{}&#8221;][et_pb_column type=&#8221;1_3&#8243; _builder_version=&#8221;4.16&#8243; custom_padding=&#8221;|||&#8221; global_colors_info=&#8221;{}&#8221; custom_padding__hover=&#8221;|||&#8221;][et_pb_divider show_divider=&#8221;off&#8221; _builder_version=&#8221;4.21.0&#8243; _module_preset=&#8221;default&#8221; global_colors_info=&#8221;{}&#8221;][\/et_pb_divider][et_pb_image src=&#8221;https:\/\/boasaude.rn.leg.br\/transparencia\/wp-content\/uploads\/2024\/02\/PmuxJqGK_400x400-150&#215;150.jpg&#8221; title_text=&#8221;PmuxJqGK_400x400&#8243; _builder_version=&#8221;4.20.4&#8243; _module_preset=&#8221;default&#8221; global_colors_info=&#8221;{}&#8221;][\/et_pb_image][\/et_pb_column][et_pb_column type=&#8221;1_3&#8243; _builder_version=&#8221;4.16&#8243; custom_padding=&#8221;|||&#8221; global_colors_info=&#8221;{}&#8221; custom_padding__hover=&#8221;|||&#8221;][\/et_pb_column][et_pb_column type=&#8221;1_3&#8243; _builder_version=&#8221;4.16&#8243; custom_padding=&#8221;|||&#8221; global_colors_info=&#8221;{}&#8221; custom_padding__hover=&#8221;|||&#8221;][et_pb_divider show_divider=&#8221;off&#8221; _builder_version=&#8221;4.21.0&#8243; _module_preset=&#8221;default&#8221; global_colors_info=&#8221;{}&#8221;][\/et_pb_divider][et_pb_image title_text=&#8221;portal-transparencia-ico&#8221; _builder_version=&#8221;4.20.4&#8243; _module_preset=&#8221;default&#8221; global_colors_info=&#8221;{}&#8221;][\/et_pb_image][\/et_pb_column][\/et_pb_row][et_pb_row _builder_version=&#8221;4.21.0&#8243; _module_preset=&#8221;default&#8221; global_colors_info=&#8221;{}&#8221;][et_pb_column type=&#8221;4_4&#8243; _builder_version=&#8221;4.21.0&#8243; _module_preset=&#8221;default&#8221; global_colors_info=&#8221;{}&#8221;][et_pb_text _builder_version=&#8221;4.21.0&#8243; _module_preset=&#8221;default&#8221; global_colors_info=&#8221;{}&#8221;]<\/p>\n<p>Sabemos que a exig\u00eancia por transpar\u00eancia no brasil j\u00e1 se estende desde o ano 2000 com a cria\u00e7\u00e3o da\u00a0<strong>lei de Responsabilidade Fiscal<\/strong>\u00a0(<a role=\"link\" href=\"https:\/\/www.planalto.gov.br\/ccivil_03\/leis\/lcp\/lcp101.htm\" rel=\"noopener noreferrer\" data-saferedirecturl=\"https:\/\/www.google.com\/url?hl=pt-BR&amp;q=https:\/\/www.planalto.gov.br\/ccivil_03\/leis\/lcp\/lcp101.htm&amp;source=gmail&amp;ust=1478230407070000&amp;usg=AFQjCNE9pnGpq0FhmfIlJR_zkepmQ-uNrQ\" data-raofz=\"14\">Lei Complementar n\u00ba 101, de 04 de maio de 2000<\/a>), onde se tornou mais forte com a aprova\u00e7\u00e3o da\u00a0<strong>Lei da Transpar\u00eancia<\/strong>\u00a0(<a role=\"link\" href=\"http:\/\/www.planalto.gov.br\/ccivil_03\/leis\/LCP\/Lcp131.htm\" rel=\"noopener noreferrer\" data-saferedirecturl=\"https:\/\/www.google.com\/url?hl=pt-BR&amp;q=http:\/\/www.planalto.gov.br\/ccivil_03\/leis\/LCP\/Lcp131.htm&amp;source=gmail&amp;ust=1478230407070000&amp;usg=AFQjCNG8oBs3UoWwT6fsWhP05SJLyAmYtQ\" data-raofz=\"14\">Lei Complementar 131, de 27 de maio de 2009<\/a>). tendo seu refor\u00e7o com a\u00a0<strong>lei de Ficha Limpa<\/strong>\u00a0(<a role=\"link\" href=\"https:\/\/www.planalto.gov.br\/ccivil_03\/leis\/lcp\/lcp135.htm\" rel=\"noopener noreferrer\" data-saferedirecturl=\"https:\/\/www.google.com\/url?hl=pt-BR&amp;q=https:\/\/www.planalto.gov.br\/ccivil_03\/leis\/lcp\/lcp135.htm&amp;source=gmail&amp;ust=1478230407070000&amp;usg=AFQjCNGq_rOZpNpiY7XQhV12lu1pwYPu7w\" data-raofz=\"14\">Lei Complementar n\u00ba 135, de 04 de junho de 2010<\/a>) e efetivando a transpar\u00eancia de fato com a\u00a0<strong>Lei de Acesso a Informa\u00e7\u00e3o<\/strong>\u00a0(<a role=\"link\" href=\"https:\/\/www.planalto.gov.br\/ccivil_03\/_ato2011-2014\/2011\/lei\/l12527.htm\" rel=\"noopener noreferrer\" data-saferedirecturl=\"https:\/\/www.google.com\/url?hl=pt-BR&amp;q=https:\/\/www.planalto.gov.br\/ccivil_03\/_ato2011-2014\/2011\/lei\/l12527.htm&amp;source=gmail&amp;ust=1478230407070000&amp;usg=AFQjCNHVmJgKX3zynYJk9g9JIC2cBxUzjg\" data-raofz=\"14\">Lei n\u00ba 12.527, de 18 de novembro de 2011<\/a>).<\/p>\n<p>[\/et_pb_text][\/et_pb_column][\/et_pb_row][\/et_pb_section][et_pb_section fb_built=&#8221;1&#8243; disabled_on=&#8221;on|on|off&#8221; admin_label=&#8221;MENU&#8221; _builder_version=&#8221;4.21.0&#8243; _module_preset=&#8221;default&#8221; background_color=&#8221;#0C71C3&#8243; border_width_all=&#8221;10px&#8221; border_color_all=&#8221;RGBA(255,255,255,0)&#8221; box_shadow_style=&#8221;preset1&#8243; global_module=&#8221;75&#8243; saved_tabs=&#8221;all&#8221; collapsed=&#8221;on&#8221; global_colors_info=&#8221;{}&#8221;][et_pb_row _builder_version=&#8221;4.21.0&#8243; _module_preset=&#8221;default&#8221; background_color=&#8221;RGBA(255,255,255,0)&#8221; global_colors_info=&#8221;{}&#8221;][et_pb_column type=&#8221;4_4&#8243; _builder_version=&#8221;4.21.0&#8243; _module_preset=&#8221;default&#8221; global_colors_info=&#8221;{}&#8221;][et_pb_menu active_link_color=&#8221;#FFFFFF&#8221; _builder_version=&#8221;4.21.0&#8243; _module_preset=&#8221;default&#8221; menu_font=&#8221;|||on|||||&#8221; menu_text_color=&#8221;#FFFFFF&#8221; background_color=&#8221;RGBA(255,255,255,0)&#8221; global_colors_info=&#8221;{}&#8221;][\/et_pb_menu][\/et_pb_column][\/et_pb_row][\/et_pb_section][et_pb_section fb_built=&#8221;1&#8243; admin_label=&#8221;CORPO&#8221; _builder_version=&#8221;4.21.0&#8243; _module_preset=&#8221;default&#8221; collapsed=&#8221;off&#8221; global_colors_info=&#8221;{}&#8221;][et_pb_row _builder_version=&#8221;4.21.0&#8243; _module_preset=&#8221;default&#8221; border_width_all=&#8221;20px&#8221; border_color_all=&#8221;RGBA(255,255,255,0)&#8221; box_shadow_style=&#8221;preset1&#8243; global_colors_info=&#8221;{}&#8221;][et_pb_column type=&#8221;4_4&#8243; _builder_version=&#8221;4.21.0&#8243; _module_preset=&#8221;default&#8221; global_colors_info=&#8221;{}&#8221;][et_pb_text admin_label=&#8221;TRILHA DE NAVEGA\u00c7\u00c3O&#8221; _builder_version=&#8221;4.20.4&#8243; _module_preset=&#8221;default&#8221; global_colors_info=&#8221;{}&#8221;]<\/p>\n<p><a href=\"https:\/\/boasaude.rn.leg.br\/\">IN\u00cdCIO<\/a> \/ <a href=\"https:\/\/boasaude.rn.leg.br\/transparencia\/\">TRANSPAR\u00caNCIA<\/a> \/ Aviso de Licita\u00e7\u00e3o<\/p>\n<p>[\/et_pb_text][et_pb_post_title meta=&#8221;off&#8221; featured_image=&#8221;off&#8221; admin_label=&#8221;T\u00cdTULO&#8221; _builder_version=&#8221;4.21.0&#8243; _module_preset=&#8221;default&#8221; title_font=&#8221;|700||on|||||&#8221; title_text_color=&#8221;#000000&#8243; global_colors_info=&#8221;{}&#8221;][\/et_pb_post_title][et_pb_divider admin_label=&#8221;Divisor&#8221; _builder_version=&#8221;4.21.0&#8243; _module_preset=&#8221;default&#8221; global_colors_info=&#8221;{}&#8221;][\/et_pb_divider][et_pb_text admin_label=&#8221;INFORMA\u00c7\u00c3O&#8221; _builder_version=&#8221;4.20.4&#8243; _module_preset=&#8221;default&#8221; hover_enabled=&#8221;0&#8243; global_colors_info=&#8221;{}&#8221; sticky_enabled=&#8221;0&#8243;]<\/p>\n<div align=\"right\">|\u00a0<strong><a href=\"\/feed\" target=\"_blank\" rel=\"noopener\">XML\u2193<\/a><\/strong>\u00a0| <a href=\"https:\/\/lajes.rn.gov.br\/transparente\/index\/wp-content\/uploads\/2025\/04\/export.csv\" target=\"_blank\" rel=\"noopener\">\u00a0<strong>CSV\u2193<\/strong><\/a>\u00a0| <a href=\"?print=pdf\" target=\"_blank\" rel=\"noopener\"><strong>PDF<\/strong>\u2193<\/a>\u00a0\u00a0| <a href=\"?print=print\" target=\"_blank\" rel=\"noopener\"><strong>IMPRIMIR<\/strong>\u2193<\/a>\u00a0\u00a0|<\/div>\n<p>&nbsp;<br \/>\n<div class=\"pt-cv-wrapper et_smooth_scroll_disabled\"><div class=\"pt-cv-view pt-cv-blockgrid iscvblock iscvhybrid list1 layout1\" id=\"pt-cv-view-075e7e7ax8\"><div data-id=\"pt-cv-page-1\" class=\"pt-cv-page\" data-cvc=\"1\"><div class=\" pt-cv-content-item pt-cv-2-col\" ><p class=\"pt-cv-title\"><a href=\"https:\/\/boasaude.rn.leg.br\/transparencia\/aviso-de-intencao-de-contratar-processo-no-00011-2025\/\" class=\"_self\" target=\"_self\" >AVISO DE INTEN\u00c7\u00c3O DE CONTRATAR &#8211; PROCESSO N\u00ba 00011\/2025<\/a><\/p><\/div>\n<div class=\" pt-cv-content-item pt-cv-2-col\" ><p class=\"pt-cv-title\"><a href=\"https:\/\/boasaude.rn.leg.br\/transparencia\/aviso-de-intencao-de-contratar-processo-no-00012-2025\/\" class=\"_self\" target=\"_self\" >AVISO DE INTEN\u00c7\u00c3O DE CONTRATAR &#8211; PROCESSO N\u00ba 00012\/2025<\/a><\/p><\/div>\n<div class=\" pt-cv-content-item pt-cv-2-col\" ><p class=\"pt-cv-title\"><a href=\"https:\/\/boasaude.rn.leg.br\/transparencia\/aviso-de-intencao-de-contratar-processo-no-00013-2025\/\" class=\"_self\" target=\"_self\" >AVISO DE INTEN\u00c7\u00c3O DE CONTRATAR &#8211; PROCESSO N\u00ba 00013\/2025<\/a><\/p><\/div>\n<div class=\" pt-cv-content-item pt-cv-2-col\" ><p class=\"pt-cv-title\"><a href=\"https:\/\/boasaude.rn.leg.br\/transparencia\/aviso-de-intencao-de-contratar-processo-no-00015-2025\/\" class=\"_self\" target=\"_self\" >AVISO DE INTEN\u00c7\u00c3O DE CONTRATAR &#8211; PROCESSO N\u00ba 00015\/2025<\/a><\/p><\/div>\n<div class=\" pt-cv-content-item pt-cv-2-col\" ><p class=\"pt-cv-title\"><a href=\"https:\/\/boasaude.rn.leg.br\/transparencia\/aviso-de-intencao-de-contratar-processo-no-00014-2025\/\" class=\"_self\" target=\"_self\" >AVISO DE INTEN\u00c7\u00c3O DE CONTRATAR &#8211; PROCESSO N\u00ba 00014\/2025<\/a><\/p><\/div>\n<div class=\" pt-cv-content-item pt-cv-2-col\" ><p class=\"pt-cv-title\"><a href=\"https:\/\/boasaude.rn.leg.br\/transparencia\/aviso-de-intencao-de-contratar-processo-no-00010-2025\/\" class=\"_self\" target=\"_self\" >AVISO DE INTEN\u00c7\u00c3O DE CONTRATAR &#8211; PROCESSO N\u00ba 00010\/2025<\/a><\/p><\/div>\n<div class=\" pt-cv-content-item pt-cv-2-col\" ><p class=\"pt-cv-title\"><a href=\"https:\/\/boasaude.rn.leg.br\/transparencia\/aviso-de-intencao-de-contratar-processo-no-00009-2025\/\" class=\"_self\" target=\"_self\" >AVISO DE INTEN\u00c7\u00c3O DE CONTRATAR &#8211; PROCESSO N\u00ba 00009\/2025<\/a><\/p><\/div>\n<div class=\" pt-cv-content-item pt-cv-2-col\" ><p class=\"pt-cv-title\"><a href=\"https:\/\/boasaude.rn.leg.br\/transparencia\/aviso-de-intencao-de-contratar-processo-no-00008-2025\/\" class=\"_self\" target=\"_self\" >AVISO DE INTEN\u00c7\u00c3O DE CONTRATAR &#8211; PROCESSO N\u00ba 00008\/2025<\/a><\/p><\/div>\n<div class=\" pt-cv-content-item pt-cv-2-col\" ><p class=\"pt-cv-title\"><a href=\"https:\/\/boasaude.rn.leg.br\/transparencia\/aviso-de-intencao-de-contratar-processo-no-00007-2025\/\" class=\"_self\" target=\"_self\" >AVISO DE INTEN\u00c7\u00c3O DE CONTRATAR &#8211; PROCESSO N\u00ba 00007\/2025<\/a><\/p><\/div>\n<div class=\" pt-cv-content-item pt-cv-2-col\" ><p class=\"pt-cv-title\"><a href=\"https:\/\/boasaude.rn.leg.br\/transparencia\/pesquisa-mercadologica\/\" class=\"_self\" target=\"_self\" >PESQUISA MERCADOL\u00d3GICA<\/a><\/p><\/div>\n<div class=\" pt-cv-content-item pt-cv-2-col\" ><p class=\"pt-cv-title\"><a href=\"https:\/\/boasaude.rn.leg.br\/transparencia\/aviso-de-cotacao-eletronica-no-017-2024\/\" class=\"_self\" target=\"_self\" >AVISO DE COTA\u00c7\u00c3O ELETR\u00d4NICA N\u00ba 017\/2024<\/a><\/p><\/div>\n<div class=\" pt-cv-content-item pt-cv-2-col\" ><p class=\"pt-cv-title\"><a href=\"https:\/\/boasaude.rn.leg.br\/transparencia\/aviso-de-cotacao-eletronica-no-016-2024-2\/\" class=\"_self\" target=\"_self\" >AVISO DE COTA\u00c7\u00c3O ELETR\u00d4NICA N\u00ba 016\/2024<\/a><\/p><\/div>\n<div class=\" pt-cv-content-item pt-cv-2-col\" ><p class=\"pt-cv-title\"><a href=\"https:\/\/boasaude.rn.leg.br\/transparencia\/aviso-de-cotacao-eletronica-no-016-2024\/\" class=\"_self\" target=\"_self\" >AVISO DE COTA\u00c7\u00c3O ELETR\u00d4NICA N\u00ba 016\/2024<\/a><\/p><\/div>\n<div class=\" pt-cv-content-item pt-cv-2-col\" ><p class=\"pt-cv-title\"><a href=\"https:\/\/boasaude.rn.leg.br\/transparencia\/aviso-de-cotacao-eletronica-no-015-2024\/\" class=\"_self\" target=\"_self\" >AVISO DE COTA\u00c7\u00c3O ELETR\u00d4NICA N\u00ba 015\/2024<\/a><\/p><\/div>\n<div class=\" pt-cv-content-item pt-cv-2-col\" ><p class=\"pt-cv-title\"><a href=\"https:\/\/boasaude.rn.leg.br\/transparencia\/tornar-sem-efeito-a-publicacao-do-aviso-de-cotacao-n-014-2024\/\" class=\"_self\" target=\"_self\" >TORNAR SEM EFEITO A PUBLICA\u00c7\u00c3O DO AVISO DE COTA\u00c7\u00c3O N\u00b0 014\/2024<\/a><\/p><\/div>\n<div class=\" pt-cv-content-item pt-cv-2-col\" ><p class=\"pt-cv-title\"><a href=\"https:\/\/boasaude.rn.leg.br\/transparencia\/aviso-de-cotacao-eletronica-no-009-2024-2\/\" class=\"_self\" target=\"_self\" >AVISO DE COTA\u00c7\u00c3O ELETR\u00d4NICA N\u00ba 009\/2024<\/a><\/p><\/div>\n<div class=\" pt-cv-content-item pt-cv-2-col\" ><p class=\"pt-cv-title\"><a href=\"https:\/\/boasaude.rn.leg.br\/transparencia\/aviso-de-cotacao-eletronica-no-014-2024\/\" class=\"_self\" target=\"_self\" >AVISO DE COTA\u00c7\u00c3O ELETR\u00d4NICA N\u00ba 014\/2024<\/a><\/p><\/div>\n<div class=\" pt-cv-content-item pt-cv-2-col\" ><p class=\"pt-cv-title\"><a href=\"https:\/\/boasaude.rn.leg.br\/transparencia\/aviso-de-cotacao-eletronica-no-013-2024\/\" class=\"_self\" target=\"_self\" >AVISO DE COTA\u00c7\u00c3O ELETR\u00d4NICA N\u00ba 013\/2024<\/a><\/p><\/div>\n<div class=\" pt-cv-content-item pt-cv-2-col\" ><p class=\"pt-cv-title\"><a href=\"https:\/\/boasaude.rn.leg.br\/transparencia\/aviso-de-cotacao-eletronica-no-012-2024\/\" class=\"_self\" target=\"_self\" >AVISO DE COTA\u00c7\u00c3O ELETR\u00d4NICA N\u00ba 012\/2024<\/a><\/p><\/div>\n<div class=\" pt-cv-content-item pt-cv-2-col\" ><p class=\"pt-cv-title\"><a href=\"https:\/\/boasaude.rn.leg.br\/transparencia\/aviso-de-cotacao-eletronica-no-010-2024-2\/\" class=\"_self\" target=\"_self\" >AVISO DE COTA\u00c7\u00c3O ELETR\u00d4NICA N\u00ba 010\/2024<\/a><\/p><\/div>\n<div class=\" pt-cv-content-item pt-cv-2-col\" ><p class=\"pt-cv-title\"><a href=\"https:\/\/boasaude.rn.leg.br\/transparencia\/aviso-de-cotacao-eletronica-no-010-2024\/\" class=\"_self\" target=\"_self\" >AVISO DE COTA\u00c7\u00c3O ELETR\u00d4NICA N\u00ba 010\/2024<\/a><\/p><\/div>\n<div class=\" pt-cv-content-item pt-cv-2-col\" ><p class=\"pt-cv-title\"><a href=\"https:\/\/boasaude.rn.leg.br\/transparencia\/aviso-de-cotacao-eletronica-no-009-2024\/\" class=\"_self\" target=\"_self\" >AVISO DE COTA\u00c7\u00c3O ELETR\u00d4NICA N\u00ba 009\/2024<\/a><\/p><\/div>\n<div class=\" pt-cv-content-item pt-cv-2-col\" ><p class=\"pt-cv-title\"><a href=\"https:\/\/boasaude.rn.leg.br\/transparencia\/aviso-de-cotacao-eletronica-no-008-2024\/\" class=\"_self\" target=\"_self\" >AVISO DE COTA\u00c7\u00c3O ELETR\u00d4NICA N\u00ba 008\/2024<\/a><\/p><\/div>\n<div class=\" pt-cv-content-item pt-cv-2-col\" ><p class=\"pt-cv-title\"><a href=\"https:\/\/boasaude.rn.leg.br\/transparencia\/aviso-de-cotacao-eletronica-no-007-2024\/\" class=\"_self\" target=\"_self\" >AVISO DE COTA\u00c7\u00c3O ELETR\u00d4NICA N\u00ba 007\/2024<\/a><\/p><\/div>\n<div class=\" pt-cv-content-item pt-cv-2-col\" ><p class=\"pt-cv-title\"><a href=\"https:\/\/boasaude.rn.leg.br\/transparencia\/aviso-de-cotacao-eletronica-no-005-2024\/\" class=\"_self\" target=\"_self\" >AVISO DE COTA\u00c7\u00c3O ELETR\u00d4NICA N\u00ba 005\/2024<\/a><\/p><\/div><\/div><\/div>\n<div class=\" pt-cv-pagination-wrapper\"><ul class=\"pt-cv-pagination pt-cv-ajax pagination\" data-totalpages=\"2\" data-currentpage=\"1\" data-sid=\"075e7e7ax8\" data-unid=\"\" data-isblock=\"\" data-postid=\"\"><li class=\"active\"><a href=\"#\">1<\/a><\/li>\n\t<li ><a class=\"\" href=\"https:\/\/boasaude.rn.leg.br\/transparencia\/wp-json\/wp\/v2\/pages\/1054\/?_page=2\">2<\/a><\/li>\n\t<li ><a class=\" \" href=\"https:\/\/boasaude.rn.leg.br\/transparencia\/wp-json\/wp\/v2\/pages\/1054\/?_page=2\">&rsaquo;<\/a><\/li>\n\t<\/ul><img loading=\"lazy\" decoding=\"async\" width=\"15\" height=\"15\" class=\"pt-cv-spinner\" alt=\"Carregando...;\" src=\"data:image\/gif;base64,R0lGODlhDwAPALMPAMrKygwMDJOTkz09PZWVla+vr3p6euTk5M7OzuXl5TMzMwAAAJmZmWZmZszMzP\/\/\/yH\/C05FVFNDQVBFMi4wAwEAAAAh+QQFCgAPACwAAAAADwAPAAAEQvDJaZaZOIcV8iQK8VRX4iTYoAwZ4iCYoAjZ4RxejhVNoT+mRGP4cyF4Pp0N98sBGIBMEMOotl6YZ3S61Bmbkm4mAgAh+QQFCgAPACwAAAAADQANAAAENPDJSRSZeA418itN8QiK8BiLITVsFiyBBIoYqnoewAD4xPw9iY4XLGYSjkQR4UAUD45DLwIAIfkEBQoADwAsAAAAAA8ACQAABC\/wyVlamTi3nSdgwFNdhEJgTJoNyoB9ISYoQmdjiZPcj7EYCAeCF1gEDo4Dz2eIAAAh+QQFCgAPACwCAAAADQANAAAEM\/DJBxiYeLKdX3IJZT1FU0iIg2RNKx3OkZVnZ98ToRD4MyiDnkAh6BkNC0MvsAj0kMpHBAAh+QQFCgAPACwGAAAACQAPAAAEMDC59KpFDll73HkAA2wVY5KgiK5b0RRoI6MuzG6EQqCDMlSGheEhUAgqgUUAFRySIgAh+QQFCgAPACwCAAIADQANAAAEM\/DJKZNLND\/kkKaHc3xk+QAMYDKsiaqmZCxGVjSFFCxB1vwy2oOgIDxuucxAMTAJFAJNBAAh+QQFCgAPACwAAAYADwAJAAAEMNAs86q1yaWwwv2Ig0jUZx3OYa4XoRAfwADXoAwfo1+CIjyFRuEho60aSNYlOPxEAAAh+QQFCgAPACwAAAIADQANAAAENPA9s4y8+IUVcqaWJ4qEQozSoAzoIyhCK2NFU2SJk0hNnyEOhKR2AzAAj4Pj4GE4W0bkJQIAOw==\" \/><div class=\"clear pt-cv-clear-pagination\"><\/div><\/div><\/div>\t\t\t<style type=\"text\/css\" id=\"pt-cv-inline-style-ba9c5dce18\">\n#pt-cv-view-075e7e7ax8 .pt-cv-thumb-wrapper:not(.miniwrap) { width: 40%; }#pt-cv-view-075e7e7ax8 .pt-cv-thumbnail:not(.pt-cv-thumbnailsm) { height: 300px; }#pt-cv-view-075e7e7ax8 > .pt-cv-page {grid-template-columns: repeat(1, 1fr);grid-gap: 15px;}\n@media all and (max-width: 1024px) { \n#pt-cv-view-075e7e7ax8 > .pt-cv-page {grid-template-columns: repeat(1, 1fr);}\n} \n@media all and (max-width: 767px) { \n#pt-cv-view-075e7e7ax8 > .pt-cv-page {grid-template-columns: repeat(1, 1fr);}\n} <\/style>\r\n\t\t\t<\/p>\n<p>&nbsp;[\/et_pb_text][\/et_pb_column][\/et_pb_row][\/et_pb_section]<\/p>\n","protected":false},"excerpt":{"rendered":"<p>Sabemos que a exig\u00eancia por transpar\u00eancia no brasil j\u00e1 se estende desde o ano 2000 com a cria\u00e7\u00e3o da\u00a0lei de Responsabilidade Fiscal\u00a0(Lei Complementar n\u00ba 101, de 04 de maio de 2000), onde se tornou mais forte com a aprova\u00e7\u00e3o da\u00a0Lei da Transpar\u00eancia\u00a0(Lei Complementar 131, de 27 de maio de 2009). tendo seu refor\u00e7o com a\u00a0lei [&hellip;]<\/p>\n","protected":false},"author":1,"featured_media":0,"parent":0,"menu_order":0,"comment_status":"closed","ping_status":"closed","template":"","meta":{"_et_pb_use_builder":"on","_et_pb_old_content":"","_et_gb_content_width":"","footnotes":""},"class_list":["post-1054","page","type-page","status-publish","hentry"],"_links":{"self":[{"href":"https:\/\/boasaude.rn.leg.br\/transparencia\/wp-json\/wp\/v2\/pages\/1054","targetHints":{"allow":["GET"]}}],"collection":[{"href":"https:\/\/boasaude.rn.leg.br\/transparencia\/wp-json\/wp\/v2\/pages"}],"about":[{"href":"https:\/\/boasaude.rn.leg.br\/transparencia\/wp-json\/wp\/v2\/types\/page"}],"author":[{"embeddable":true,"href":"https:\/\/boasaude.rn.leg.br\/transparencia\/wp-json\/wp\/v2\/users\/1"}],"replies":[{"embeddable":true,"href":"https:\/\/boasaude.rn.leg.br\/transparencia\/wp-json\/wp\/v2\/comments?post=1054"}],"version-history":[{"count":5,"href":"https:\/\/boasaude.rn.leg.br\/transparencia\/wp-json\/wp\/v2\/pages\/1054\/revisions"}],"predecessor-version":[{"id":2432,"href":"https:\/\/boasaude.rn.leg.br\/transparencia\/wp-json\/wp\/v2\/pages\/1054\/revisions\/2432"}],"wp:attachment":[{"href":"https:\/\/boasaude.rn.leg.br\/transparencia\/wp-json\/wp\/v2\/media?parent=1054"}],"curies":[{"name":"wp","href":"https:\/\/api.w.org\/{rel}","templated":true}]}}